{"id":1003,"date":"2021-04-25T14:36:30","date_gmt":"2021-04-25T14:36:30","guid":{"rendered":"https:\/\/h1-medienanalyse.de\/home\/?page_id=1003"},"modified":"2022-05-25T09:02:10","modified_gmt":"2022-05-25T09:02:10","slug":"anne-beier","status":"publish","type":"page","link":"https:\/\/h1-medienanalyse.de\/home\/ueber-uns\/das-h1-team\/anne-beier\/","title":{"rendered":"Anne Beier"},"content":{"rendered":"\n<div class=\"wp-block-columns has-nv-site-bg-background-color has-background is-layout-flex wp-container-core-columns-is-layout-9d6595d7 wp-block-columns-is-layout-flex\">\n<div class=\"wp-block-column is-layout-flow wp-block-column-is-layout-flow\" style=\"flex-basis:100%\">\n<div class=\"wp-block-columns is-layout-flex wp-container-core-columns-is-layout-9d6595d7 wp-block-columns-is-layout-flex\">\n<div class=\"wp-block-column is-layout-flow wp-block-column-is-layout-flow\" style=\"flex-basis:100%\">\n<div class=\"wp-block-columns is-layout-flex wp-container-core-columns-is-layout-9d6595d7 wp-block-columns-is-layout-flex\">\n<div class=\"wp-block-column is-layout-flow wp-block-column-is-layout-flow\" style=\"flex-basis:50%\">\n<figure class=\"wp-block-image size-large is-resized\"><img loading=\"lazy\" decoding=\"async\" src=\"http:\/\/h1-medienanalyse.de\/wp-content\/uploads\/2021\/03\/220321-14_klein-1024x731.jpg\" alt=\"\" class=\"wp-image-406\" width=\"392\" height=\"280\" srcset=\"https:\/\/h1-medienanalyse.de\/wp-content\/uploads\/2021\/03\/220321-14_klein-1024x731.jpg 1024w, https:\/\/h1-medienanalyse.de\/wp-content\/uploads\/2021\/03\/220321-14_klein-300x214.jpg 300w, https:\/\/h1-medienanalyse.de\/wp-content\/uploads\/2021\/03\/220321-14_klein-768x548.jpg 768w, https:\/\/h1-medienanalyse.de\/wp-content\/uploads\/2021\/03\/220321-14_klein.jpg 1122w\" sizes=\"auto, (max-width: 392px) 100vw, 392px\" \/><\/figure>\n<\/div>\n\n\n\n<div class=\"wp-block-column is-layout-flow wp-block-column-is-layout-flow\" style=\"flex-basis:50%\">\n<p>Kontakt: <br><a rel=\"noreferrer noopener\" href=\"anne.beier@h1-medienanalyse.de\" target=\"_blank\" class=\"broken_link\">anne.beier@h1-medienanalyse.de<\/a><\/p>\n<\/div>\n<\/div>\n<\/div>\n<\/div>\n<\/div>\n<\/div>\n\n\n\n<p>Anne Beier verantwortet bei h1 die Bereiche Datenanalyse und Methodenentwicklung.<\/p>\n\n\n\n<p>Von 2015 bis 2022 war sie Wissenschaftliche Mitarbeiterin am Institut f\u00fcr Publizistik- und Kommunikationswissenschaft der Freien Universit\u00e4t Berlin. Au\u00dferdem war sie unter anderem als wissenschaftliche Projektleiterin in verschiedenen nationalen und internationalen Studien t\u00e4tig. Ihre Forschungsschwerpunkte liegen auf quantitativer und qualitativer Sozialforschung und empirischen Forschungsmethoden. Inhaltlich besch\u00e4ftigt sie sich vor allem mit transkultureller Kommunikation in klassischen Massenmedien und im Kontext von Digitalisierung und Streamingplattformen sowie Terrorismusberichterstattung. In ihrer Dissertation arbeitet sie zudem transdisziplin\u00e4r zum Verh\u00e4ltnis von Religion und medialer \u00d6ffentlichkeit. <\/p>\n\n\n\n<p>Anne Beier hat Publizistik- und Kommunikationswissenschaft, Englische Philologie sowie Medien und Politische Kommunikation an der Freien Universit\u00e4t Berlin studiert. Sie hat in Berlin, Potsdam und London im Bereich Presse und PR f\u00fcr diverse Kultur- und Tourismuseinrichtungen gearbeitet. Zudem ist sie als freie Musikjournalistin t\u00e4tig.<\/p>\n","protected":false},"excerpt":{"rendered":"<p>Kontakt: anne.beier@h1-medienanalyse.de Anne Beier verantwortet bei h1 die Bereiche Datenanalyse und Methodenentwicklung. Von 2015 bis 2022 war sie Wissenschaftliche Mitarbeiterin am Institut f\u00fcr Publizistik- und Kommunikationswissenschaft der Freien Universit\u00e4t Berlin. Au\u00dferdem war sie unter anderem als wissenschaftliche Projektleiterin in verschiedenen nationalen und internationalen Studien t\u00e4tig. Ihre Forschungsschwerpunkte liegen auf quantitativer und qualitativer Sozialforschung und empirischen&hellip;&nbsp;<a href=\"https:\/\/h1-medienanalyse.de\/home\/ueber-uns\/das-h1-team\/anne-beier\/\" class=\"\" rel=\"bookmark\">Weiterlesen &raquo;<span class=\"screen-reader-text\">Anne Beier<\/span><\/a><\/p>\n","protected":false},"author":2,"featured_media":0,"parent":1087,"menu_order":0,"comment_status":"closed","ping_status":"closed","template":"","meta":{"neve_meta_sidebar":"","neve_meta_container":"","neve_meta_enable_content_width":"","neve_meta_content_width":0,"neve_meta_title_alignment":"","neve_meta_author_avatar":"","neve_post_elements_order":"","neve_meta_disable_header":"","neve_meta_disable_footer":"","neve_meta_disable_title":"","_ti_tpc_template_sync":false,"_ti_tpc_template_id":"","footnotes":""},"class_list":["post-1003","page","type-page","status-publish","hentry"],"_links":{"self":[{"href":"https:\/\/h1-medienanalyse.de\/home\/wp-json\/wp\/v2\/pages\/1003","targetHints":{"allow":["GET"]}}],"collection":[{"href":"https:\/\/h1-medienanalyse.de\/home\/wp-json\/wp\/v2\/pages"}],"about":[{"href":"https:\/\/h1-medienanalyse.de\/home\/wp-json\/wp\/v2\/types\/page"}],"author":[{"embeddable":true,"href":"https:\/\/h1-medienanalyse.de\/home\/wp-json\/wp\/v2\/users\/2"}],"replies":[{"embeddable":true,"href":"https:\/\/h1-medienanalyse.de\/home\/wp-json\/wp\/v2\/comments?post=1003"}],"version-history":[{"count":10,"href":"https:\/\/h1-medienanalyse.de\/home\/wp-json\/wp\/v2\/pages\/1003\/revisions"}],"predecessor-version":[{"id":1156,"href":"https:\/\/h1-medienanalyse.de\/home\/wp-json\/wp\/v2\/pages\/1003\/revisions\/1156"}],"up":[{"embeddable":true,"href":"https:\/\/h1-medienanalyse.de\/home\/wp-json\/wp\/v2\/pages\/1087"}],"wp:attachment":[{"href":"https:\/\/h1-medienanalyse.de\/home\/wp-json\/wp\/v2\/media?parent=1003"}],"curies":[{"name":"wp","href":"https:\/\/api.w.org\/{rel}","templated":true}]}}