{"id":2,"date":"2021-02-23T19:17:18","date_gmt":"2021-02-23T19:17:18","guid":{"rendered":"http:\/\/h1-medienanalyse.de\/?page_id=2"},"modified":"2025-10-12T14:47:13","modified_gmt":"2025-10-12T14:47:13","slug":"eva-spittka","status":"publish","type":"page","link":"https:\/\/h1-medienanalyse.de\/home\/ueber-uns\/das-h1-team\/eva-spittka\/","title":{"rendered":"Eva Spittka"},"content":{"rendered":"\n<div class=\"wp-block-columns is-layout-flex wp-container-core-columns-is-layout-9d6595d7 wp-block-columns-is-layout-flex\">\n<div class=\"wp-block-column is-layout-flow wp-block-column-is-layout-flow\" style=\"flex-basis:100%\">\n<div class=\"wp-block-columns is-layout-flex wp-container-core-columns-is-layout-9d6595d7 wp-block-columns-is-layout-flex\">\n<div class=\"wp-block-column is-layout-flow wp-block-column-is-layout-flow\" style=\"flex-basis:100%\">\n<div class=\"wp-block-columns is-layout-flex wp-container-core-columns-is-layout-9d6595d7 wp-block-columns-is-layout-flex\">\n<div class=\"wp-block-column is-layout-flow wp-block-column-is-layout-flow\" style=\"flex-basis:50%\">\n<figure class=\"wp-block-image size-large is-resized\"><img loading=\"lazy\" decoding=\"async\" width=\"1024\" height=\"732\" src=\"http:\/\/h1-medienanalyse.de\/wp-content\/uploads\/2021\/05\/Eva-Spittka-1024x732.jpg\" alt=\"\" class=\"wp-image-1132\" style=\"width:392px;height:280px\" srcset=\"https:\/\/h1-medienanalyse.de\/wp-content\/uploads\/2021\/05\/Eva-Spittka-1024x732.jpg 1024w, https:\/\/h1-medienanalyse.de\/wp-content\/uploads\/2021\/05\/Eva-Spittka-300x214.jpg 300w, https:\/\/h1-medienanalyse.de\/wp-content\/uploads\/2021\/05\/Eva-Spittka-768x549.jpg 768w, https:\/\/h1-medienanalyse.de\/wp-content\/uploads\/2021\/05\/Eva-Spittka.jpg 1122w\" sizes=\"auto, (max-width: 1024px) 100vw, 1024px\" \/><\/figure>\n<\/div>\n\n\n\n<div class=\"wp-block-column is-layout-flow wp-block-column-is-layout-flow\" style=\"flex-basis:50%\">\n<p>Kontakt: <br><a href=\"mailto:eva.spittka@h1-medienanalyse.de\" target=\"_blank\" rel=\"noreferrer noopener\">eva.spittka@h1-medienanalyse.de<\/a><\/p>\n<\/div>\n<\/div>\n\n\n\n<p>Eva Spittka ist Gesch\u00e4ftsf\u00fchrerin bei h1.<\/p>\n<p>Zuletzt arbeitete sie als Projektleiterin an verschiedenen kommunikationswissenschaftlichen Studien f\u00fcr universit\u00e4re und \u00f6ffentliche Auftraggeber:innen. Hier setzte sie vor allem inhaltsanalytische Schwerpunkte in der Fernsehprogrammforschung auf regionaler, nationaler und internationaler Ebene. In ihrer Forschung arbeitet sie au\u00dferdem zu Themen der Medienregulierung, Public Value und Desinformation sowie Heteronormativit\u00e4t im Sport. Im Rahmen ihrer Promotion am Institut f\u00fcr Publizistik- und Kommunikationswissenschaft der Freien Universit\u00e4t Berlin untersucht sie mediale Konstruktionsangebote zur Herausbildung einer gemeinsamen deutschen Identit\u00e4t.<\/p>\n<p>Nach ihrem Studium der Kommunikationswissenschaft und Medienforschung, Germanistik, Zeitgeschichte und Europastudien an der Universit\u00e9 de Fribourg in der Schweiz und der Freien Universit\u00e4t Berlin war Eva Spittka zun\u00e4chst im PR- und Verlagsbereich f\u00fcr Firmen in Deutschland und den USA t\u00e4tig.\u00a0<\/p>\n<\/div>\n<\/div>\n<\/div>\n<\/div>\n","protected":false},"excerpt":{"rendered":"<p>Kontakt: eva.spittka@h1-medienanalyse.de Eva Spittka ist Gesch\u00e4ftsf\u00fchrerin bei h1. Zuletzt arbeitete sie als Projektleiterin an verschiedenen kommunikationswissenschaftlichen Studien f\u00fcr universit\u00e4re und \u00f6ffentliche Auftraggeber:innen. Hier setzte sie vor allem inhaltsanalytische Schwerpunkte in der Fernsehprogrammforschung auf regionaler, nationaler und internationaler Ebene. In ihrer Forschung arbeitet sie au\u00dferdem zu Themen der Medienregulierung, Public Value und Desinformation sowie Heteronormativit\u00e4t im&hellip;&nbsp;<a href=\"https:\/\/h1-medienanalyse.de\/home\/ueber-uns\/das-h1-team\/eva-spittka\/\" class=\"\" rel=\"bookmark\">Weiterlesen &raquo;<span class=\"screen-reader-text\">Eva Spittka<\/span><\/a><\/p>\n","protected":false},"author":1,"featured_media":0,"parent":1087,"menu_order":0,"comment_status":"closed","ping_status":"closed","template":"","meta":{"neve_meta_sidebar":"","neve_meta_container":"","neve_meta_enable_content_width":"","neve_meta_content_width":0,"neve_meta_title_alignment":"","neve_meta_author_avatar":"","neve_post_elements_order":"","neve_meta_disable_header":"","neve_meta_disable_footer":"","neve_meta_disable_title":"","_ti_tpc_template_sync":false,"_ti_tpc_template_id":"","footnotes":""},"class_list":["post-2","page","type-page","status-publish","hentry"],"_links":{"self":[{"href":"https:\/\/h1-medienanalyse.de\/home\/wp-json\/wp\/v2\/pages\/2","targetHints":{"allow":["GET"]}}],"collection":[{"href":"https:\/\/h1-medienanalyse.de\/home\/wp-json\/wp\/v2\/pages"}],"about":[{"href":"https:\/\/h1-medienanalyse.de\/home\/wp-json\/wp\/v2\/types\/page"}],"author":[{"embeddable":true,"href":"https:\/\/h1-medienanalyse.de\/home\/wp-json\/wp\/v2\/users\/1"}],"replies":[{"embeddable":true,"href":"https:\/\/h1-medienanalyse.de\/home\/wp-json\/wp\/v2\/comments?post=2"}],"version-history":[{"count":12,"href":"https:\/\/h1-medienanalyse.de\/home\/wp-json\/wp\/v2\/pages\/2\/revisions"}],"predecessor-version":[{"id":1194,"href":"https:\/\/h1-medienanalyse.de\/home\/wp-json\/wp\/v2\/pages\/2\/revisions\/1194"}],"up":[{"embeddable":true,"href":"https:\/\/h1-medienanalyse.de\/home\/wp-json\/wp\/v2\/pages\/1087"}],"wp:attachment":[{"href":"https:\/\/h1-medienanalyse.de\/home\/wp-json\/wp\/v2\/media?parent=2"}],"curies":[{"name":"wp","href":"https:\/\/api.w.org\/{rel}","templated":true}]}}