{"id":254,"date":"2021-03-10T20:39:39","date_gmt":"2021-03-10T20:39:39","guid":{"rendered":"https:\/\/h1-medienanalyse.de\/home\/?page_id=254"},"modified":"2023-06-29T06:12:28","modified_gmt":"2023-06-29T06:12:28","slug":"home-2","status":"publish","type":"page","link":"https:\/\/h1-medienanalyse.de\/home\/","title":{"rendered":"Home"},"content":{"rendered":"\n<div class=\"wp-block-group\"><div class=\"wp-block-group__inner-container is-layout-flow wp-block-group-is-layout-flow\">\n<div class=\"wp-block-group\"><div class=\"wp-block-group__inner-container is-layout-flow wp-block-group-is-layout-flow\">\n<div class=\"wp-block-columns is-layout-flex wp-container-core-columns-is-layout-9d6595d7 wp-block-columns-is-layout-flex\">\n<div class=\"wp-block-column is-layout-flow wp-block-column-is-layout-flow\" style=\"flex-basis:33.33%\">\n<figure class=\"wp-block-image size-large is-resized is-style-default\"><img loading=\"lazy\" decoding=\"async\" src=\"https:\/\/h1-medienanalyse.de\/wp-content\/uploads\/2021\/04\/Teamarbeit-2_Startseite-933x1024.png\" alt=\"Ein Team aus zwei Frauen und einem Mann schauen sich eine statistische Grafik gemeinsam an. \" class=\"wp-image-931\" width=\"383\" height=\"424\"\/><\/figure>\n<\/div>\n\n\n\n<div class=\"wp-block-column is-layout-flow wp-block-column-is-layout-flow\" style=\"flex-basis:66.66%\">\n<h1 class=\"has-text-align-right wp-block-heading\"><mark style=\"background-color:rgba(0, 0, 0, 0)\" class=\"has-inline-color has-neve-link-color-color\">h1 medienanalyse<\/mark><\/h1>\n\n\n\n<p class=\"has-text-align-right has-large-font-size\"><mark style=\"background-color:rgba(0, 0, 0, 0)\" class=\"has-inline-color has-neve-link-color-color\">RAUM F\u00dcR FORSCHUNG.<\/mark><\/p>\n<\/div>\n<\/div>\n<\/div><\/div>\n<\/div><\/div>\n\n\n\n<div class=\"wp-block-cover alignfull has-nv-c-2-background-color has-background-dim a:hover { color: #FFFFF!important;}\" style=\"min-height:491px;aspect-ratio:unset;\"><div class=\"wp-block-cover__inner-container is-layout-flow wp-block-cover-is-layout-flow\">\n<div class=\"wp-block-columns has-neve-link-color-color has-nv-c-2-background-color has-text-color has-background is-layout-flex wp-container-core-columns-is-layout-9d6595d7 wp-block-columns-is-layout-flex\">\n<div class=\"wp-block-column is-layout-flow wp-block-column-is-layout-flow\">\n<div class=\"wp-block-image\"><figure class=\"aligncenter size-large is-resized\"><img loading=\"lazy\" decoding=\"async\" src=\"http:\/\/h1-medienanalyse.de\/wp-content\/uploads\/2021\/03\/Graphic-Analysen.png\" alt=\"\" class=\"wp-image-257\" width=\"78\" height=\"78\"\/><\/figure><\/div>\n\n\n\n<h3 class=\"has-text-align-center has-neve-text-color-color has-text-color wp-block-heading\"><a href=\"https:\/\/h1-medienanalyse.de\/home\/unsere-leistungen\/empirische-sozial-kommunikations-medienforschung\/\" data-type=\"page\" data-id=\"681\">Empirische Studien<\/a><\/h3>\n\n\n\n<p class=\"has-text-align-center has-neve-link-color-color has-text-color\">Wir bieten quantitative und qualitative sozialwissenschaftliche Untersuchungen &#8211; individuell zugeschnitten.<\/p>\n<\/div>\n\n\n\n<div class=\"wp-block-column is-layout-flow wp-block-column-is-layout-flow\">\n<div class=\"wp-block-image\"><figure class=\"aligncenter size-large is-resized\"><img loading=\"lazy\" decoding=\"async\" src=\"http:\/\/h1-medienanalyse.de\/wp-content\/uploads\/2021\/03\/Graphic-Wissenschaft-e1615409386568.png\" alt=\"\" class=\"wp-image-258\" width=\"78\" height=\"78\"\/><\/figure><\/div>\n\n\n\n<h3 class=\"has-text-align-center has-neve-text-color-color has-text-color wp-block-heading\"><a href=\"https:\/\/h1-medienanalyse.de\/home\/unsere-leistungen\/wissenschaftliche-beratung\/\" data-type=\"page\" data-id=\"553\">Wissenschaftliche Beratung<\/a><\/h3>\n\n\n\n<p class=\"has-text-align-center\"><span style=\"color:var(--nv-primary-accent)\" class=\"tadv-color\">Profitieren Sie von unserer Expertise bei der Planung und Durchf\u00fchrung Ihres Forschungsprojekts.<\/span><\/p>\n<\/div>\n\n\n\n<div class=\"wp-block-column is-layout-flow wp-block-column-is-layout-flow\">\n<div class=\"wp-block-image\"><figure class=\"aligncenter size-large is-resized\"><img loading=\"lazy\" decoding=\"async\" src=\"https:\/\/h1-medienanalyse.de\/wp-content\/uploads\/2021\/03\/bildschirm.png\" alt=\"\" class=\"wp-image-314\" width=\"78\" height=\"78\"\/><\/figure><\/div>\n\n\n\n<h3 class=\"has-text-align-center has-neve-text-color-color has-text-color wp-block-heading\"><a href=\"https:\/\/h1-medienanalyse.de\/home\/unsere-leistungen\/medienresonanzanalysen\/\" data-type=\"page\" data-id=\"736\">Medienresonanzanalysen<\/a><\/h3>\n\n\n\n<p class=\"has-text-align-center\"><span style=\"color:var(--nv-primary-accent)\" class=\"tadv-color\">Erkennen Sie Markttrends und reagieren Sie fr\u00fchzeitig und proaktiv auf Chancen und Risiken f\u00fcr Ihr Unternehmen.<\/span><\/p>\n<\/div>\n<\/div>\n<\/div><\/div>\n\n\n\n<div class=\"wp-block-cover alignfull\" style=\"min-height:465px;aspect-ratio:unset;\"><span aria-hidden=\"true\" class=\"wp-block-cover__background has-nv-site-bg-background-color has-background-dim-100 has-background-dim\"><\/span><div class=\"wp-block-cover__inner-container is-layout-flow wp-block-cover-is-layout-flow\">\n<div class=\"wp-block-group\"><div class=\"wp-block-group__inner-container is-layout-flow wp-block-group-is-layout-flow\">\n<div class=\"wp-block-columns are-vertically-aligned-center is-layout-flex wp-container-core-columns-is-layout-9d6595d7 wp-block-columns-is-layout-flex\">\n<div class=\"wp-block-column is-vertically-aligned-center is-layout-flow wp-block-column-is-layout-flow\" style=\"flex-basis:50%\">\n<figure class=\"wp-block-image size-large is-resized\"><img loading=\"lazy\" decoding=\"async\" src=\"https:\/\/h1-medienanalyse.de\/wp-content\/uploads\/2021\/04\/Teamarbeit_Startseite-949x1024.png\" alt=\"Eine Gruppe aus zwei Frauen und einem Mann stehen gebeug \u00fcber einem Tisch und disktutieren. Im Hintergrund liegen B\u00fccher, an der Wand h\u00e4ngen eine statistische Grafik und eine Uhr. \" class=\"wp-image-930\" width=\"403\" height=\"410\"\/><\/figure>\n<\/div>\n\n\n\n<div class=\"wp-block-column is-vertically-aligned-center is-layout-flow wp-block-column-is-layout-flow\" style=\"flex-basis:50%\">\n<div style=\"height:20px\" aria-hidden=\"true\" class=\"wp-block-spacer\"><\/div>\n\n\n\n<h2 class=\"has-text-align-left has-neve-text-color-color has-text-color wp-block-heading\">Unsere Arbeit<\/h2>\n\n\n\n<p class=\"has-text-align-left has-neve-text-color-color has-text-color\" style=\"font-size:17px\">Empirische Analysen, Methodenentwicklung und Wissenschaftsberatung: Wir unterst\u00fctzen Sie in allen sozialwissenschaftlichen Fragestellungen.<\/p>\n\n\n\n<div class=\"wp-block-buttons is-horizontal is-content-justification-left is-layout-flex wp-container-core-buttons-is-layout-7e5fce0a wp-block-buttons-is-layout-flex\">\n<div class=\"wp-block-button is-style-primary\"><a class=\"wp-block-button__link wp-element-button\" href=\"https:\/\/h1-medienanalyse.de\/home\/unsere-leistungen\/\">Erfahren sie mehr \u00fcber unsere leistungen.<\/a><\/div>\n<\/div>\n<\/div>\n<\/div>\n\n\n\n<div style=\"height:1px\" aria-hidden=\"true\" class=\"wp-block-spacer\"><\/div>\n<\/div><\/div>\n<\/div><\/div>\n\n\n\n<div class=\"wp-block-cover alignfull { display: none; }\" style=\"min-height:600px;aspect-ratio:unset;\"><span aria-hidden=\"true\" class=\"wp-block-cover__background has-nv-site-bg-background-color has-background-dim-100 has-background-dim\"><\/span><div class=\"wp-block-cover__inner-container is-layout-flow wp-block-cover-is-layout-flow\">\n<div class=\"wp-block-group\"><div class=\"wp-block-group__inner-container is-layout-flow wp-block-group-is-layout-flow\">\n<div class=\"wp-block-columns are-vertically-aligned-center is-layout-flex wp-container-core-columns-is-layout-9d6595d7 wp-block-columns-is-layout-flex\">\n<div class=\"wp-block-column is-vertically-aligned-center is-layout-flow wp-block-column-is-layout-flow\" style=\"flex-basis:50%\">\n<h2 class=\"has-text-align-left has-neve-text-color-color has-text-color wp-block-heading\">Unser Institut<\/h2>\n\n\n\n<p class=\"has-text-align-left has-neve-text-color-color has-text-color\" style=\"font-size:17px\">h1 ist ein Forschungsinstitut aus Berlin. In unserem Team vereinen wir jahrelange Erfahrung und viel Expertise in internationalen und nationalen sozialwissenschaftlichen Projekten. Dabei zeichnet uns ein frischer Blick auf sich ver\u00e4ndernde Medienrealit\u00e4ten und die Digitalisierung der Gesellschaft aus.&nbsp;<\/p>\n\n\n\n<div class=\"wp-block-buttons is-horizontal is-content-justification-left is-layout-flex wp-container-core-buttons-is-layout-7e5fce0a wp-block-buttons-is-layout-flex\">\n<div class=\"wp-block-button is-style-primary\"><a class=\"wp-block-button__link wp-element-button\" href=\"https:\/\/h1-medienanalyse.de\/home\/ueber-uns\/\">LErnen sie uns kennen.<\/a><\/div>\n<\/div>\n\n\n\n<div style=\"height:40px\" aria-hidden=\"true\" class=\"wp-block-spacer\"><\/div>\n<\/div>\n\n\n\n<div class=\"wp-block-column is-vertically-aligned-center is-layout-flow wp-block-column-is-layout-flow\" style=\"flex-basis:50%\">\n<figure class=\"wp-block-image size-large is-resized\"><img loading=\"lazy\" decoding=\"async\" src=\"https:\/\/h1-medienanalyse.de\/wp-content\/uploads\/2021\/04\/Teamarbeit-3_Startseite.png\" alt=\"Auf der Grafik ist das Team eines Forschungsinstituts zu sehen.\" class=\"wp-image-934\" width=\"394\" height=\"270\" srcset=\"https:\/\/h1-medienanalyse.de\/wp-content\/uploads\/2021\/04\/Teamarbeit-3_Startseite.png 990w, https:\/\/h1-medienanalyse.de\/wp-content\/uploads\/2021\/04\/Teamarbeit-3_Startseite-300x206.png 300w, https:\/\/h1-medienanalyse.de\/wp-content\/uploads\/2021\/04\/Teamarbeit-3_Startseite-768x528.png 768w\" sizes=\"auto, (max-width: 394px) 100vw, 394px\" \/><\/figure>\n<\/div>\n<\/div>\n<\/div><\/div>\n\n\n\n<p><\/p>\n<\/div><\/div>\n\n\n\n<div style=\"height:90px\" aria-hidden=\"true\" class=\"wp-block-spacer\"><\/div>\n\n\n\n<div class=\"wp-block-cover alignfull\" style=\"min-height:300px;aspect-ratio:unset;\"><span aria-hidden=\"true\" class=\"wp-block-cover__background has-background-dim-100 has-background-dim\" style=\"background-color:#7b665c\"><\/span><div class=\"wp-block-cover__inner-container is-layout-flow wp-block-cover-is-layout-flow\">\n<div style=\"height:50px\" aria-hidden=\"true\" class=\"wp-block-spacer\"><\/div>\n\n\n\n<h2 class=\"has-text-align-center has-nv-text-dark-bg-color has-text-color wp-block-heading\">Wir freuen uns auf Ihr Projekt!<\/h2>\n\n\n\n<div class=\"wp-block-buttons is-horizontal is-content-justification-center is-layout-flex wp-container-core-buttons-is-layout-499968f5 wp-block-buttons-is-layout-flex\">\n<div class=\"wp-block-button is-style-primary\"><a class=\"wp-block-button__link wp-element-button\" href=\"https:\/\/h1-medienanalyse.de\/home\/kontakt\/\">Kontakt<\/a><\/div>\n<\/div>\n\n\n<div class=\"wp-block-image\">\n<figure class=\"aligncenter size-large is-resized\"><img loading=\"lazy\" decoding=\"async\" src=\"http:\/\/h1-medienanalyse.de\/wp-content\/uploads\/2021\/02\/cropped-cropped-Datei-006_Nexa_7b665c_erdbraun-warm_2.png\" alt=\"\" class=\"wp-image-241\" width=\"125\" height=\"125\" srcset=\"https:\/\/h1-medienanalyse.de\/wp-content\/uploads\/2021\/02\/cropped-cropped-Datei-006_Nexa_7b665c_erdbraun-warm_2.png 500w, https:\/\/h1-medienanalyse.de\/wp-content\/uploads\/2021\/02\/cropped-cropped-Datei-006_Nexa_7b665c_erdbraun-warm_2-300x300.png 300w, https:\/\/h1-medienanalyse.de\/wp-content\/uploads\/2021\/02\/cropped-cropped-Datei-006_Nexa_7b665c_erdbraun-warm_2-150x150.png 150w\" sizes=\"auto, (max-width: 125px) 100vw, 125px\" \/><\/figure><\/div><\/div><\/div>\n\n\n\n<p><\/p>\n","protected":false},"excerpt":{"rendered":"<p>h1 medienanalyse RAUM F\u00dcR FORSCHUNG.<\/p>\n","protected":false},"author":1,"featured_media":0,"parent":0,"menu_order":0,"comment_status":"closed","ping_status":"closed","template":"","meta":{"neve_meta_sidebar":"default","neve_meta_container":"default","neve_meta_enable_content_width":"on","neve_meta_content_width":100,"neve_meta_title_alignment":"","neve_meta_author_avatar":"","neve_post_elements_order":"","neve_meta_disable_header":"","neve_meta_disable_footer":"","neve_meta_disable_title":"on","_ti_tpc_template_sync":false,"_ti_tpc_template_id":"cwhkd9lki581rusuhjti","footnotes":""},"class_list":["post-254","page","type-page","status-publish","hentry"],"_links":{"self":[{"href":"https:\/\/h1-medienanalyse.de\/home\/wp-json\/wp\/v2\/pages\/254","targetHints":{"allow":["GET"]}}],"collection":[{"href":"https:\/\/h1-medienanalyse.de\/home\/wp-json\/wp\/v2\/pages"}],"about":[{"href":"https:\/\/h1-medienanalyse.de\/home\/wp-json\/wp\/v2\/types\/page"}],"author":[{"embeddable":true,"href":"https:\/\/h1-medienanalyse.de\/home\/wp-json\/wp\/v2\/users\/1"}],"replies":[{"embeddable":true,"href":"https:\/\/h1-medienanalyse.de\/home\/wp-json\/wp\/v2\/comments?post=254"}],"version-history":[{"count":83,"href":"https:\/\/h1-medienanalyse.de\/home\/wp-json\/wp\/v2\/pages\/254\/revisions"}],"predecessor-version":[{"id":1182,"href":"https:\/\/h1-medienanalyse.de\/home\/wp-json\/wp\/v2\/pages\/254\/revisions\/1182"}],"wp:attachment":[{"href":"https:\/\/h1-medienanalyse.de\/home\/wp-json\/wp\/v2\/media?parent=254"}],"curies":[{"name":"wp","href":"https:\/\/api.w.org\/{rel}","templated":true}]}}