{"id":429,"date":"2021-03-23T18:13:25","date_gmt":"2021-03-23T18:13:25","guid":{"rendered":"https:\/\/h1-medienanalyse.de\/home\/?page_id=429"},"modified":"2023-04-12T16:14:32","modified_gmt":"2023-04-12T16:14:32","slug":"unsere-leistungen","status":"publish","type":"page","link":"https:\/\/h1-medienanalyse.de\/home\/unsere-leistungen\/","title":{"rendered":"Unsere Leistungen"},"content":{"rendered":"\n<div class=\"wp-block-cover alignfull\" style=\"min-height:600px;aspect-ratio:unset;\"><span aria-hidden=\"true\" class=\"wp-block-cover__background has-nv-c-1-background-color has-background-dim-100 has-background-dim\"><\/span><div class=\"wp-block-cover__inner-container is-layout-flow wp-block-cover-is-layout-flow\">\n<div class=\"wp-block-columns has-background is-layout-flex wp-container-core-columns-is-layout-9d6595d7 wp-block-columns-is-layout-flex\" style=\"background-color:#f0e3ce\">\n<div class=\"wp-block-column is-layout-flow wp-block-column-is-layout-flow\"><div class=\"wp-block-image\">\n<figure class=\"aligncenter size-large is-resized\"><img loading=\"lazy\" decoding=\"async\" src=\"http:\/\/h1-medienanalyse.de\/wp-content\/uploads\/2021\/03\/Graphic-Analysen.png\" alt=\"\" class=\"wp-image-257\" width=\"78\" height=\"78\"\/><\/figure><\/div>\n\n\n<h3 class=\"has-text-align-center has-neve-text-color-color has-text-color wp-block-heading\"><a href=\"https:\/\/h1-medienanalyse.de\/home\/unsere-leistungen-beispiel-h1-v2\/empirische-sozial-kommunikations-medienforschung\/\" data-type=\"page\" data-id=\"541\">Empirische Studien<\/a><\/h3>\n\n\n\n<p class=\"has-text-align-center has-neve-link-color-color has-text-color\"><span style=\"color:var(--nv-primary-accent)\" class=\"tadv-color\">Wir bieten quantitative und qualitative sozialwissenschaftliche Untersuchungen &#8211; individuell zugeschnitten.<\/span><\/p>\n<\/div>\n\n\n\n<div class=\"wp-block-column is-layout-flow wp-block-column-is-layout-flow\"><div class=\"wp-block-image\">\n<figure class=\"aligncenter size-large is-resized\"><img loading=\"lazy\" decoding=\"async\" src=\"http:\/\/h1-medienanalyse.de\/wp-content\/uploads\/2021\/03\/Graphic-Wissenschaft-e1615409386568.png\" alt=\"\" class=\"wp-image-258\" width=\"78\" height=\"78\"\/><\/figure><\/div>\n\n\n<h3 class=\"has-text-align-center has-neve-text-color-color has-text-color wp-block-heading\"><a href=\"https:\/\/h1-medienanalyse.de\/home\/unsere-leistungen-beispiel-h1-v2\/wissenschaftliche-beratung\/\" data-type=\"page\" data-id=\"553\">Wissenschaftliche Beratung<\/a><\/h3>\n\n\n\n<p class=\"has-text-align-center\"><span style=\"color:var(--nv-primary-accent)\" class=\"tadv-color\">Profitieren Sie von unserer Expertise bei der Planung und Durchf\u00fchrung Ihres Forschungsprojekts.<\/span><\/p>\n<\/div>\n\n\n\n<div class=\"wp-block-column is-layout-flow wp-block-column-is-layout-flow\"><div class=\"wp-block-image\">\n<figure class=\"aligncenter size-large is-resized\"><img loading=\"lazy\" decoding=\"async\" src=\"https:\/\/h1-medienanalyse.de\/wp-content\/uploads\/2021\/03\/bildschirm.png\" alt=\"\" class=\"wp-image-314\" width=\"78\" height=\"78\"\/><\/figure><\/div>\n\n\n<h3 class=\"has-text-align-center has-neve-text-color-color has-text-color wp-block-heading\"><a href=\"https:\/\/h1-medienanalyse.de\/home\/unsere-leistungen-beispiel-h1-v2\/medienresonanzanalysen\/\" data-type=\"page\" data-id=\"550\">Medienresonanzanalysen<\/a><\/h3>\n\n\n\n<p class=\"has-text-align-center\"><span style=\"color:var(--nv-primary-accent)\" class=\"tadv-color\">Erkennen Sie Markttrends und reagieren Sie fr\u00fchzeitig und proaktiv auf Chancen und Risiken f\u00fcr Ihr Unternehmen.<\/span><\/p>\n<\/div>\n<\/div>\n<\/div><\/div>\n\n\n\n<div style=\"height:100px\" aria-hidden=\"true\" class=\"wp-block-spacer\"><\/div>\n\n\n\n<div class=\"wp-block-cover alignfull\" style=\"min-height:600px;aspect-ratio:unset;\"><span aria-hidden=\"true\" class=\"wp-block-cover__background has-nv-c-2-background-color has-background-dim-100 has-background-dim\"><\/span><div class=\"wp-block-cover__inner-container is-layout-flow wp-block-cover-is-layout-flow\">\n<div class=\"wp-block-group\"><div class=\"wp-block-group__inner-container is-layout-flow wp-block-group-is-layout-flow\">\n<div style=\"height:50px\" aria-hidden=\"true\" class=\"wp-block-spacer\"><\/div>\n\n\n\n<div class=\"wp-block-columns are-vertically-aligned-center is-layout-flex wp-container-core-columns-is-layout-9d6595d7 wp-block-columns-is-layout-flex\">\n<div class=\"wp-block-column is-vertically-aligned-center is-layout-flow wp-block-column-is-layout-flow\" style=\"flex-basis:50%\"><div class=\"wp-block-image\">\n<figure class=\"aligncenter size-large\"><img loading=\"lazy\" decoding=\"async\" width=\"860\" height=\"789\" src=\"https:\/\/h1-medienanalyse.de\/wp-content\/uploads\/2021\/04\/Aktuelles-Projekt_Unsere-Leistungen.png\" alt=\"Das Bild zeigt zwei Frauen, die \u00fcber aktuelle Forschungsergebnisse diskutieren.\" class=\"wp-image-948\" srcset=\"https:\/\/h1-medienanalyse.de\/wp-content\/uploads\/2021\/04\/Aktuelles-Projekt_Unsere-Leistungen.png 860w, https:\/\/h1-medienanalyse.de\/wp-content\/uploads\/2021\/04\/Aktuelles-Projekt_Unsere-Leistungen-300x275.png 300w, https:\/\/h1-medienanalyse.de\/wp-content\/uploads\/2021\/04\/Aktuelles-Projekt_Unsere-Leistungen-768x705.png 768w\" sizes=\"auto, (max-width: 860px) 100vw, 860px\" \/><\/figure><\/div><\/div>\n\n\n\n<div class=\"wp-block-column is-vertically-aligned-center is-layout-flow wp-block-column-is-layout-flow\" style=\"flex-basis:50%\">\n<h2 class=\"has-nv-site-bg-color has-text-color wp-block-heading\">Unser aktuelles Projekt<\/h2>\n\n\n\n<p class=\"has-nv-site-bg-color has-text-color\">Im Rahmen einer quantitativen Inhaltsanalyse im Auftrag der Otto Brenner Stiftung untersuchen wir Podcast-Angebote zum Thema Wirtschaft und Wirtschaftsberichterstattung. Podcasts haben sich vom Nischenformat zum Massenmedium entwickelt und spielen vor allem f\u00fcr j\u00fcngere Zielgruppen eine immer wichtigere Rolle, gerade auch f\u00fcr die politische Information und Bildung. Wirtschaftsberichterstattung geh\u00f6rt dabei nicht nur zu einem beliebten, sondern auch einem hochgradig gesellschaftlich-relevanten Thema in Podcast-Formaten. In einer Strukturanalyse untersuchen wir die Inhalte der Podcast-Angebote \u00fcber Wirtschaftsthemen und -berichterstattung im Hinblick auf Akteure, Themen, Formate und ihre Relevanz, um so vor allem die Rolle von Podcasts f\u00fcr die Wirtschaftsberichterstattung abzubilden und zu diskutieren. Als Basis f\u00fcr die Untersuchung dienen die Audio-Streaming-Plattform Spotify als Marktf\u00fchrer in Deutschland und das Audio-Portal der Landesrundfunkanstalten der ARD und des Deutschlandradios (ARD Audiothek).<\/p>\n<\/div>\n<\/div>\n<\/div><\/div>\n<\/div><\/div>\n\n\n\n<div style=\"height:100px\" aria-hidden=\"true\" class=\"wp-block-spacer\"><\/div>\n\n\n\n\n\n<div class=\"wp-block-cover alignfull\" style=\"min-height:300px;aspect-ratio:unset;\"><span aria-hidden=\"true\" class=\"wp-block-cover__background has-background-dim-100 has-background-dim\" style=\"background-color:#7b665c\"><\/span><div class=\"wp-block-cover__inner-container is-layout-flow wp-block-cover-is-layout-flow\">\n<div style=\"height:50px\" aria-hidden=\"true\" class=\"wp-block-spacer\"><\/div>\n\n\n\n<h2 class=\"has-text-align-center has-nv-text-dark-bg-color has-text-color wp-block-heading\">Wir freuen uns auf Ihr Projekt!<\/h2>\n\n\n\n<div class=\"wp-block-buttons is-horizontal is-content-justification-center is-layout-flex wp-container-core-buttons-is-layout-499968f5 wp-block-buttons-is-layout-flex\">\n<div class=\"wp-block-button is-style-primary\"><a class=\"wp-block-button__link wp-element-button\" href=\"https:\/\/h1-medienanalyse.de\/home\/kontakt\/\">Kontakt<\/a><\/div>\n<\/div>\n\n\n<div class=\"wp-block-image\">\n<figure class=\"aligncenter size-large is-resized\"><img loading=\"lazy\" decoding=\"async\" src=\"http:\/\/h1-medienanalyse.de\/wp-content\/uploads\/2021\/02\/cropped-cropped-Datei-006_Nexa_7b665c_erdbraun-warm_2.png\" alt=\"\" class=\"wp-image-241\" width=\"125\" height=\"125\" srcset=\"https:\/\/h1-medienanalyse.de\/wp-content\/uploads\/2021\/02\/cropped-cropped-Datei-006_Nexa_7b665c_erdbraun-warm_2.png 500w, https:\/\/h1-medienanalyse.de\/wp-content\/uploads\/2021\/02\/cropped-cropped-Datei-006_Nexa_7b665c_erdbraun-warm_2-300x300.png 300w, https:\/\/h1-medienanalyse.de\/wp-content\/uploads\/2021\/02\/cropped-cropped-Datei-006_Nexa_7b665c_erdbraun-warm_2-150x150.png 150w\" sizes=\"auto, (max-width: 125px) 100vw, 125px\" \/><\/figure><\/div><\/div><\/div>\n","protected":false},"excerpt":{"rendered":"","protected":false},"author":2,"featured_media":0,"parent":0,"menu_order":0,"comment_status":"closed","ping_status":"closed","template":"","meta":{"neve_meta_sidebar":"default","neve_meta_container":"default","neve_meta_enable_content_width":"on","neve_meta_content_width":100,"neve_meta_title_alignment":"","neve_meta_author_avatar":"","neve_post_elements_order":"","neve_meta_disable_header":"","neve_meta_disable_footer":"","neve_meta_disable_title":"off","_ti_tpc_template_sync":false,"_ti_tpc_template_id":"0qhau2t6eoekosrgo1a2","footnotes":""},"class_list":["post-429","page","type-page","status-publish","hentry"],"_links":{"self":[{"href":"https:\/\/h1-medienanalyse.de\/home\/wp-json\/wp\/v2\/pages\/429","targetHints":{"allow":["GET"]}}],"collection":[{"href":"https:\/\/h1-medienanalyse.de\/home\/wp-json\/wp\/v2\/pages"}],"about":[{"href":"https:\/\/h1-medienanalyse.de\/home\/wp-json\/wp\/v2\/types\/page"}],"author":[{"embeddable":true,"href":"https:\/\/h1-medienanalyse.de\/home\/wp-json\/wp\/v2\/users\/2"}],"replies":[{"embeddable":true,"href":"https:\/\/h1-medienanalyse.de\/home\/wp-json\/wp\/v2\/comments?post=429"}],"version-history":[{"count":28,"href":"https:\/\/h1-medienanalyse.de\/home\/wp-json\/wp\/v2\/pages\/429\/revisions"}],"predecessor-version":[{"id":1163,"href":"https:\/\/h1-medienanalyse.de\/home\/wp-json\/wp\/v2\/pages\/429\/revisions\/1163"}],"wp:attachment":[{"href":"https:\/\/h1-medienanalyse.de\/home\/wp-json\/wp\/v2\/media?parent=429"}],"curies":[{"name":"wp","href":"https:\/\/api.w.org\/{rel}","templated":true}]}}