{"id":553,"date":"2021-03-28T20:01:43","date_gmt":"2021-03-28T20:01:43","guid":{"rendered":"https:\/\/h1-medienanalyse.de\/home\/?page_id=553"},"modified":"2021-05-02T13:49:03","modified_gmt":"2021-05-02T13:49:03","slug":"wissenschaftliche-beratung","status":"publish","type":"page","link":"https:\/\/h1-medienanalyse.de\/home\/unsere-leistungen\/wissenschaftliche-beratung\/","title":{"rendered":"Wissenschaftliche Beratung"},"content":{"rendered":"\n<p><\/p>\n\n\n\n<h1 class=\"wp-block-heading\">Wissenschaftliche Beratung<\/h1>\n\n\n\n<div style=\"height:100px\" aria-hidden=\"true\" class=\"wp-block-spacer\"><\/div>\n\n\n\n<div class=\"wp-block-cover alignfull has-nv-c-1-background-color has-background-dim\" style=\"min-height:452px;aspect-ratio:unset;\"><div class=\"wp-block-cover__inner-container is-layout-flow wp-block-cover-is-layout-flow\">\n<div style=\"height:60px\" aria-hidden=\"true\" class=\"wp-block-spacer\"><\/div>\n\n\n\n<h3 class=\"has-text-align-left has-neve-link-color-color has-text-color wp-block-heading\"><strong><strong>Planung, Durchf\u00fchrung, Auswertung und Evaluation:  <\/strong><\/strong><\/h3>\n\n\n\n<h3 class=\"has-text-align-left has-neve-link-color-color has-text-color wp-block-heading\"><strong><strong>Wir unterst\u00fctzen Sie in allen Phasen Ihres sozialwissenschaftlichen Forschungsprojekts<\/strong>.<\/strong><\/h3>\n\n\n\n<div style=\"height:31px\" aria-hidden=\"true\" class=\"wp-block-spacer\"><\/div>\n\n\n\n<div class=\"wp-block-columns is-layout-flex wp-container-core-columns-is-layout-9d6595d7 wp-block-columns-is-layout-flex\">\n<div class=\"wp-block-column is-layout-flow wp-block-column-is-layout-flow\" style=\"flex-basis:33.33%\">\n<div class=\"wp-block-image is-style-default\"><figure class=\"aligncenter size-large is-resized\"><img loading=\"lazy\" decoding=\"async\" src=\"https:\/\/h1-medienanalyse.de\/wp-content\/uploads\/2021\/04\/Abgehakt_Wissenschaftliche-Beratung-1-1024x1024.png\" alt=\"Eine Frau h\u00e4lt ein Tablet, auf dem ein gro\u00dfer Erledigt-Haken zu sehen ist. \" class=\"wp-image-923\" width=\"298\" height=\"298\" srcset=\"https:\/\/h1-medienanalyse.de\/wp-content\/uploads\/2021\/04\/Abgehakt_Wissenschaftliche-Beratung-1-1024x1024.png 1024w, https:\/\/h1-medienanalyse.de\/wp-content\/uploads\/2021\/04\/Abgehakt_Wissenschaftliche-Beratung-1-300x300.png 300w, https:\/\/h1-medienanalyse.de\/wp-content\/uploads\/2021\/04\/Abgehakt_Wissenschaftliche-Beratung-1-150x150.png 150w, https:\/\/h1-medienanalyse.de\/wp-content\/uploads\/2021\/04\/Abgehakt_Wissenschaftliche-Beratung-1-768x768.png 768w, https:\/\/h1-medienanalyse.de\/wp-content\/uploads\/2021\/04\/Abgehakt_Wissenschaftliche-Beratung-1-1536x1536.png 1536w, https:\/\/h1-medienanalyse.de\/wp-content\/uploads\/2021\/04\/Abgehakt_Wissenschaftliche-Beratung-1.png 2000w\" sizes=\"auto, (max-width: 298px) 100vw, 298px\" \/><\/figure><\/div>\n<\/div>\n\n\n\n<div class=\"wp-block-column is-layout-flow wp-block-column-is-layout-flow\" style=\"flex-basis:66.66%\">\n<ul id=\"block-4ceeb4a5-4160-4ff5-9489-e85ae821391a\" class=\"has-neve-link-color-color has-text-color wp-block-list\"><li>Sie haben eine Projektidee und m\u00f6chten sich zur empirischen Umsetzung beraten lassen?<\/li><li>Sie ben\u00f6tigen Unterst\u00fctzung bei der Entwicklung des Untersuchungsinstruments?<\/li><li>Datenaufbereitung oder Datenanalysen bereiten Ihnen Kopfzerbrechen?<\/li><li>Sie suchen Hilfe bei der Datenaufbereitung, Datenanalyse oder Interpretation bereits erhobener Daten?  <\/li><li>Sie m\u00f6chten Ergebnisse f\u00fcr eine Pr\u00e4sentation aufbereiten lassen?<\/li><\/ul>\n<\/div>\n<\/div>\n\n\n\n<div style=\"height:30px\" aria-hidden=\"true\" class=\"wp-block-spacer\"><\/div>\n\n\n\n<p><\/p>\n<\/div><\/div>\n\n\n\n<div style=\"height:50px\" aria-hidden=\"true\" class=\"wp-block-spacer\"><\/div>\n\n\n\n<div class=\"wp-block-cover alignfull has-nv-site-bg-background-color has-background-dim\" style=\"min-height:491px;aspect-ratio:unset;\"><div class=\"wp-block-cover__inner-container is-layout-flow wp-block-cover-is-layout-flow\">\n<h3 class=\"has-text-align-center has-neve-link-color-color has-text-color wp-block-heading\"><strong>Unsere Expertise <\/strong><\/h3>\n\n\n\n<p><\/p>\n\n\n\n<div class=\"wp-block-columns is-layout-flex wp-container-core-columns-is-layout-9d6595d7 wp-block-columns-is-layout-flex\">\n<div class=\"wp-block-column is-layout-flow wp-block-column-is-layout-flow\">\n<div class=\"wp-block-image is-style-default\"><figure class=\"aligncenter size-large is-resized\"><img loading=\"lazy\" decoding=\"async\" src=\"http:\/\/h1-medienanalyse.de\/wp-content\/uploads\/2021\/03\/Expertise.png\" alt=\"\" class=\"wp-image-596\" width=\"90\" height=\"90\" srcset=\"https:\/\/h1-medienanalyse.de\/wp-content\/uploads\/2021\/03\/Expertise.png 280w, https:\/\/h1-medienanalyse.de\/wp-content\/uploads\/2021\/03\/Expertise-150x150.png 150w\" sizes=\"auto, (max-width: 90px) 100vw, 90px\" \/><\/figure><\/div>\n\n\n\n<p class=\"has-text-align-center has-neve-link-color-color has-text-color has-medium-font-size\"><strong>Innovative Methoden<\/strong><\/p>\n\n\n\n<p class=\"has-text-align-center has-neve-link-color-color has-text-color\">Neueste qualitative &amp; quantitative Verfahren der empirischen Sozialforschung<\/p>\n<\/div>\n\n\n\n<div class=\"wp-block-column is-layout-flow wp-block-column-is-layout-flow\">\n<div class=\"wp-block-image is-style-default\"><figure class=\"aligncenter size-large is-resized\"><img loading=\"lazy\" decoding=\"async\" src=\"http:\/\/h1-medienanalyse.de\/wp-content\/uploads\/2021\/03\/Expertise.png\" alt=\"\" class=\"wp-image-596\" width=\"90\" height=\"90\" srcset=\"https:\/\/h1-medienanalyse.de\/wp-content\/uploads\/2021\/03\/Expertise.png 280w, https:\/\/h1-medienanalyse.de\/wp-content\/uploads\/2021\/03\/Expertise-150x150.png 150w\" sizes=\"auto, (max-width: 90px) 100vw, 90px\" \/><\/figure><\/div>\n\n\n\n<p class=\"has-text-align-center has-neve-link-color-color has-text-color has-medium-font-size\"><strong>Langj\u00e4hrige Erfahrung<\/strong><\/p>\n\n\n\n<p class=\"has-text-align-center has-neve-link-color-color has-text-color\">Wissenschaftliche Expertise in der Entwicklung &amp; Durchf\u00fchrung von Forschungsprojekten<\/p>\n<\/div>\n\n\n\n<div class=\"wp-block-column is-layout-flow wp-block-column-is-layout-flow\">\n<div class=\"wp-block-image is-style-default\"><figure class=\"aligncenter size-large is-resized\"><img loading=\"lazy\" decoding=\"async\" src=\"http:\/\/h1-medienanalyse.de\/wp-content\/uploads\/2021\/03\/Expertise.png\" alt=\"\" class=\"wp-image-596\" width=\"90\" height=\"90\" srcset=\"https:\/\/h1-medienanalyse.de\/wp-content\/uploads\/2021\/03\/Expertise.png 280w, https:\/\/h1-medienanalyse.de\/wp-content\/uploads\/2021\/03\/Expertise-150x150.png 150w\" sizes=\"auto, (max-width: 90px) 100vw, 90px\" \/><\/figure><\/div>\n\n\n\n<p class=\"has-text-align-center has-neve-link-color-color has-text-color has-medium-font-size\"><strong>Theorie &amp; Praxis<\/strong><\/p>\n\n\n\n<p class=\"has-text-align-center has-neve-link-color-color has-text-color\">Hohe Qualit\u00e4tsstandards durch die Verbindung von theoretischem und praktischem Wissen  <\/p>\n<\/div>\n<\/div>\n<\/div><\/div>\n\n\n\n<div class=\"wp-block-cover alignfull has-nv-c-2-background-color has-background-dim\" style=\"min-height:284px;aspect-ratio:unset;\"><div class=\"wp-block-cover__inner-container is-layout-flow wp-block-cover-is-layout-flow\">\n<div style=\"height:60px\" aria-hidden=\"true\" class=\"wp-block-spacer\"><\/div>\n\n\n\n<h3 class=\"has-nv-text-dark-bg-color has-text-color wp-block-heading\"><strong><strong><strong>Wissenschaftliche Beratung f\u00fcr Unternehmen<span data-mce-type=\"bookmark\" id=\"mce_1_start\" data-mce-style=\"overflow:hidden;line-height:0px\" style=\"overflow:hidden;line-height:0px\"><\/span><\/strong><\/strong><\/strong><\/h3>\n\n\n\n<div style=\"height:15px\" aria-hidden=\"true\" class=\"wp-block-spacer\"><\/div>\n\n\n\n<div class=\"wp-block-columns is-layout-flex wp-container-core-columns-is-layout-9d6595d7 wp-block-columns-is-layout-flex\">\n<div class=\"wp-block-column is-layout-flow wp-block-column-is-layout-flow\">\n<ul class=\"has-nv-text-dark-bg-color has-text-color wp-block-list\"><li>Die Durchf\u00fchrung eines Forschungsprojekts, etwa eine Befragung der Mitarbeiter:innen, erfordert solide Kenntnisse in den Methoden, die eingesetzt werden sollen sowie praktisches Wissen zur Durchf\u00fchrung und Auswertung.  <\/li><\/ul>\n<\/div>\n\n\n\n<div class=\"wp-block-column is-vertically-aligned-top is-layout-flow wp-block-column-is-layout-flow\">\n<ul class=\"has-nv-text-dark-bg-color has-text-color wp-block-list\"><li>Lassen Sie sich beraten und vermeiden Sie die typischen Fehler bei einer Datenerhebung f\u00fcr bestm\u00f6gliche Ergebnisse. Die Qualit\u00e4t Ihrer Daten entscheidet \u00fcber deren Aussagef\u00e4higkeit. <\/li><\/ul>\n<\/div>\n<\/div>\n\n\n\n<div class=\"wp-block-image is-style-default\"><figure class=\"aligncenter size-large is-resized\"><img loading=\"lazy\" decoding=\"async\" src=\"https:\/\/h1-medienanalyse.de\/wp-content\/uploads\/2021\/04\/Frau-auf-Pfeil_Wissenschaftliche-Beratung-1024x491.png\" alt=\"Die Grafik zeigt eine junge Frau am Laptop, die auf einem gezeichnetem Pfeil sitzt. \" class=\"wp-image-926\" width=\"536\" height=\"257\" srcset=\"https:\/\/h1-medienanalyse.de\/wp-content\/uploads\/2021\/04\/Frau-auf-Pfeil_Wissenschaftliche-Beratung-1024x491.png 1024w, https:\/\/h1-medienanalyse.de\/wp-content\/uploads\/2021\/04\/Frau-auf-Pfeil_Wissenschaftliche-Beratung-300x144.png 300w, https:\/\/h1-medienanalyse.de\/wp-content\/uploads\/2021\/04\/Frau-auf-Pfeil_Wissenschaftliche-Beratung-768x368.png 768w, https:\/\/h1-medienanalyse.de\/wp-content\/uploads\/2021\/04\/Frau-auf-Pfeil_Wissenschaftliche-Beratung-1536x737.png 1536w, https:\/\/h1-medienanalyse.de\/wp-content\/uploads\/2021\/04\/Frau-auf-Pfeil_Wissenschaftliche-Beratung-2048x982.png 2048w\" sizes=\"auto, (max-width: 536px) 100vw, 536px\" \/><\/figure><\/div>\n\n\n\n<div style=\"height:60px\" aria-hidden=\"true\" class=\"wp-block-spacer\"><\/div>\n<\/div><\/div>\n\n\n\n<div style=\"height:50px\" aria-hidden=\"true\" class=\"wp-block-spacer\"><\/div>\n\n\n\n<div class=\"wp-block-cover alignfull has-nv-site-bg-background-color has-background-dim\" style=\"min-height:89px;aspect-ratio:unset;\"><div class=\"wp-block-cover__inner-container is-layout-flow wp-block-cover-is-layout-flow\">\n<div style=\"height:4px\" aria-hidden=\"true\" class=\"wp-block-spacer\"><\/div>\n\n\n\n<h3 class=\"has-neve-link-color-color has-text-color wp-block-heading\"><strong><strong><strong><strong>Wissenschaftliche Beratung f\u00fcr Studierende und Doktorand:inne<\/strong>n<span data-mce-type=\"bookmark\" id=\"mce_1_start\" data-mce-style=\"overflow:hidden;line-height:0px\" style=\"overflow:hidden;line-height:0px\"><\/span><\/strong><\/strong><\/strong><\/h3>\n\n\n\n<div style=\"height:15px\" aria-hidden=\"true\" class=\"wp-block-spacer\"><\/div>\n\n\n\n<div class=\"wp-block-columns is-layout-flex wp-container-core-columns-is-layout-9d6595d7 wp-block-columns-is-layout-flex\">\n<div class=\"wp-block-column is-layout-flow wp-block-column-is-layout-flow\" style=\"flex-basis:66.66%\">\n<ul class=\"has-neve-link-color-color has-text-color wp-block-list\"><li>Sie studieren und m\u00f6chten Ihre Abschlussarbeit erfolgreich und z\u00fcgig anfertigen? Oder planen Sie eine Promotion als externe:r Doktorand:in? <\/li><li>Wir kennen die Standards des wissenschaftlichen Arbeitens und sind versiert im Umgang mit Theorie, Forschungsstand und Methode. <\/li><li>Wir sehen den roten Faden, wenn Sie ihn verloren haben und kennen die Fallstricke bei der Anfertigung einer Abschlussarbeit. <\/li><li>Ob Bachelorarbeit, Masterarbeit, Dissertation oder andere Facharbeiten &#8211; wir beraten Sie individuell und zielorientiert.&nbsp;&nbsp;<\/li><\/ul>\n<\/div>\n\n\n\n<div class=\"wp-block-column is-layout-flow wp-block-column-is-layout-flow\" style=\"flex-basis:33.33%\">\n<div class=\"wp-block-image is-style-default\"><figure class=\"aligncenter size-large is-resized\"><img loading=\"lazy\" decoding=\"async\" src=\"https:\/\/h1-medienanalyse.de\/wp-content\/uploads\/2021\/04\/Lesende-Frau_Wissenschaftliche-Beratung-959x1024.png\" alt=\"Die gezeichnete Grafik zeigt eine Frau im Sessel mit einem Laptop auf dem Scho\u00df. Vor ihr liegt eine Katze auf dem Teppich. \" class=\"wp-image-916\" width=\"337\" height=\"378\"\/><\/figure><\/div>\n<\/div>\n<\/div>\n\n\n\n<div style=\"height:1px\" aria-hidden=\"true\" class=\"wp-block-spacer\"><\/div>\n<\/div><\/div>\n\n\n\n<div style=\"height:50px\" aria-hidden=\"true\" class=\"wp-block-spacer\"><\/div>\n\n\n\n<div style=\"height:50px\" aria-hidden=\"true\" class=\"wp-block-spacer\"><\/div>\n\n\n\n<div class=\"wp-block-cover alignfull has-neve-link-hover-color-background-color has-background-dim\" style=\"min-height:452px;aspect-ratio:unset;\"><div class=\"wp-block-cover__inner-container is-layout-flow wp-block-cover-is-layout-flow\">\n<div style=\"height:30px\" aria-hidden=\"true\" class=\"wp-block-spacer\"><\/div>\n\n\n\n<h3 class=\"has-neve-link-color-color has-text-color wp-block-heading\"><strong><strong><strong><strong>Wissenschaftliche Qualit\u00e4tsstandards in einem breiten Themenspektrum<\/strong><span data-mce-type=\"bookmark\" id=\"mce_1_start\" data-mce-style=\"overflow:hidden;line-height:0px\" style=\"overflow:hidden;line-height:0px\"><\/span><\/strong><\/strong><\/strong><\/h3>\n\n\n\n<div style=\"height:30px\" aria-hidden=\"true\" class=\"wp-block-spacer\"><\/div>\n\n\n\n<div class=\"wp-block-columns is-layout-flex wp-container-core-columns-is-layout-9d6595d7 wp-block-columns-is-layout-flex\">\n<div class=\"wp-block-column is-layout-flow wp-block-column-is-layout-flow\">\n<ul id=\"block-86446e65-2fd6-4b27-8a22-bd22e26cf874\" class=\"has-neve-link-color-color has-text-color wp-block-list\"><li>Konvergenz von Fernsehen &amp; Internet<\/li><li>Fernsehprogrammforschung<\/li><li>Transkulturelle Kommunikation<\/li><li>Identit\u00e4tsforschung<\/li><li>Medien und Migration<\/li><\/ul>\n<\/div>\n\n\n\n<div class=\"wp-block-column is-vertically-aligned-top is-layout-flow wp-block-column-is-layout-flow\">\n<ul class=\"has-neve-link-color-color has-text-color wp-block-list\"><li>Medienqualit\u00e4t &amp; Medienverantwortung<\/li><li>Terrorismusberichterstattung<\/li><li>Medien &amp; Religion<\/li><li>Wirtschaftsberichterstattung<\/li><li>Hasskommunikation im Netz. <\/li><\/ul>\n<\/div>\n<\/div>\n\n\n\n<div style=\"height:39px\" aria-hidden=\"true\" class=\"wp-block-spacer\"><\/div>\n\n\n\n<p class=\"has-neve-link-color-color has-text-color\"><strong>Wir arbeiten nach wissenschaftlichen Qualit\u00e4tsstandards. Daf\u00fcr bilden wir uns kontinuierlich weiter.<\/strong><\/p>\n<\/div><\/div>\n\n\n\n<div style=\"height:50px\" aria-hidden=\"true\" class=\"wp-block-spacer\"><\/div>\n\n\n\n<div class=\"wp-block-cover alignfull\" style=\"min-height:300px;aspect-ratio:unset;\"><span aria-hidden=\"true\" class=\"wp-block-cover__background has-background-dim-100 has-background-dim\" style=\"background-color:#7b665c\"><\/span><div class=\"wp-block-cover__inner-container is-layout-flow wp-block-cover-is-layout-flow\">\n<div style=\"height:50px\" aria-hidden=\"true\" class=\"wp-block-spacer\"><\/div>\n\n\n\n<h2 class=\"has-text-align-center has-nv-text-dark-bg-color has-text-color wp-block-heading\">Wir freuen uns auf Ihr Projekt!<\/h2>\n\n\n\n<div class=\"wp-block-buttons is-horizontal is-content-justification-center is-layout-flex wp-container-core-buttons-is-layout-499968f5 wp-block-buttons-is-layout-flex\">\n<div class=\"wp-block-button is-style-primary\"><a class=\"wp-block-button__link wp-element-button\" href=\"https:\/\/h1-medienanalyse.de\/home\/kontakt\/\">Kontakt<\/a><\/div>\n<\/div>\n\n\n<div class=\"wp-block-image\">\n<figure class=\"aligncenter size-large is-resized\"><img loading=\"lazy\" decoding=\"async\" src=\"http:\/\/h1-medienanalyse.de\/wp-content\/uploads\/2021\/02\/cropped-cropped-Datei-006_Nexa_7b665c_erdbraun-warm_2.png\" alt=\"\" class=\"wp-image-241\" width=\"125\" height=\"125\" srcset=\"https:\/\/h1-medienanalyse.de\/wp-content\/uploads\/2021\/02\/cropped-cropped-Datei-006_Nexa_7b665c_erdbraun-warm_2.png 500w, https:\/\/h1-medienanalyse.de\/wp-content\/uploads\/2021\/02\/cropped-cropped-Datei-006_Nexa_7b665c_erdbraun-warm_2-300x300.png 300w, https:\/\/h1-medienanalyse.de\/wp-content\/uploads\/2021\/02\/cropped-cropped-Datei-006_Nexa_7b665c_erdbraun-warm_2-150x150.png 150w\" sizes=\"auto, (max-width: 125px) 100vw, 125px\" \/><\/figure><\/div><\/div><\/div>\n\n\n\n<p><\/p>\n","protected":false},"excerpt":{"rendered":"<p>Wissenschaftliche Beratung<\/p>\n","protected":false},"author":2,"featured_media":0,"parent":429,"menu_order":0,"comment_status":"closed","ping_status":"closed","template":"","meta":{"neve_meta_sidebar":"default","neve_meta_container":"default","neve_meta_enable_content_width":"on","neve_meta_content_width":100,"neve_meta_title_alignment":"","neve_meta_author_avatar":"","neve_post_elements_order":"","neve_meta_disable_header":"","neve_meta_disable_footer":"","neve_meta_disable_title":"on","_ti_tpc_template_sync":false,"_ti_tpc_template_id":"","footnotes":""},"class_list":["post-553","page","type-page","status-publish","hentry"],"_links":{"self":[{"href":"https:\/\/h1-medienanalyse.de\/home\/wp-json\/wp\/v2\/pages\/553","targetHints":{"allow":["GET"]}}],"collection":[{"href":"https:\/\/h1-medienanalyse.de\/home\/wp-json\/wp\/v2\/pages"}],"about":[{"href":"https:\/\/h1-medienanalyse.de\/home\/wp-json\/wp\/v2\/types\/page"}],"author":[{"embeddable":true,"href":"https:\/\/h1-medienanalyse.de\/home\/wp-json\/wp\/v2\/users\/2"}],"replies":[{"embeddable":true,"href":"https:\/\/h1-medienanalyse.de\/home\/wp-json\/wp\/v2\/comments?post=553"}],"version-history":[{"count":52,"href":"https:\/\/h1-medienanalyse.de\/home\/wp-json\/wp\/v2\/pages\/553\/revisions"}],"predecessor-version":[{"id":1131,"href":"https:\/\/h1-medienanalyse.de\/home\/wp-json\/wp\/v2\/pages\/553\/revisions\/1131"}],"up":[{"embeddable":true,"href":"https:\/\/h1-medienanalyse.de\/home\/wp-json\/wp\/v2\/pages\/429"}],"wp:attachment":[{"href":"https:\/\/h1-medienanalyse.de\/home\/wp-json\/wp\/v2\/media?parent=553"}],"curies":[{"name":"wp","href":"https:\/\/api.w.org\/{rel}","templated":true}]}}