{"id":681,"date":"2021-04-08T10:51:01","date_gmt":"2021-04-08T10:51:01","guid":{"rendered":"https:\/\/h1-medienanalyse.de\/home\/?page_id=681"},"modified":"2021-05-02T13:42:30","modified_gmt":"2021-05-02T13:42:30","slug":"empirische-sozial-kommunikations-medienforschung","status":"publish","type":"page","link":"https:\/\/h1-medienanalyse.de\/home\/unsere-leistungen\/empirische-sozial-kommunikations-medienforschung\/","title":{"rendered":"Empirische Sozial-, Kommunikations- &#038; Medienforschung"},"content":{"rendered":"\n<p><\/p>\n\n\n\n<h2 class=\"wp-block-heading\">Empirische Sozial-, Kommunikations- &amp; Medienforschung<\/h2>\n\n\n\n<div style=\"height:100px\" aria-hidden=\"true\" class=\"wp-block-spacer\"><\/div>\n\n\n\n<div class=\"wp-block-cover alignfull has-nv-site-bg-background-color has-background-dim\" style=\"min-height:150px;aspect-ratio:unset;\"><div class=\"wp-block-cover__inner-container is-layout-flow wp-block-cover-is-layout-flow\">\n<p class=\"has-text-align-center has-neve-link-color-color has-nv-site-bg-background-color has-text-color has-background has-medium-font-size\"><strong>Wir forschen f\u00fcr \u00f6ffentliche Auftraggeber:innen<\/strong><\/p>\n\n\n\n<div class=\"wp-block-columns is-layout-flex wp-container-core-columns-is-layout-9d6595d7 wp-block-columns-is-layout-flex\">\n<div class=\"wp-block-column is-layout-flow wp-block-column-is-layout-flow\">\n<div class=\"wp-block-image is-style-default\"><figure class=\"aligncenter size-large is-resized\"><img decoding=\"async\" src=\"http:\/\/h1-medienanalyse.de\/wp-content\/uploads\/2021\/03\/Expertise.png\" alt=\"\" class=\"wp-image-596\" width=\"90\" srcset=\"https:\/\/h1-medienanalyse.de\/wp-content\/uploads\/2021\/03\/Expertise.png 280w, https:\/\/h1-medienanalyse.de\/wp-content\/uploads\/2021\/03\/Expertise-150x150.png 150w\" sizes=\"(max-width: 280px) 100vw, 280px\" \/><\/figure><\/div>\n\n\n\n<p class=\"has-text-align-center has-medium-font-size\"><strong><span style=\"color:var(--nv-primary-accent)\" class=\"tadv-color\">Universit\u00e4ten &amp; Hochschulen<\/span><\/strong><\/p>\n<\/div>\n\n\n\n<div class=\"wp-block-column is-layout-flow wp-block-column-is-layout-flow\">\n<div class=\"wp-block-image is-style-default\"><figure class=\"aligncenter size-large is-resized\"><img decoding=\"async\" src=\"http:\/\/h1-medienanalyse.de\/wp-content\/uploads\/2021\/03\/Expertise.png\" alt=\"\" class=\"wp-image-596\" width=\"90\" srcset=\"https:\/\/h1-medienanalyse.de\/wp-content\/uploads\/2021\/03\/Expertise.png 280w, https:\/\/h1-medienanalyse.de\/wp-content\/uploads\/2021\/03\/Expertise-150x150.png 150w\" sizes=\"(max-width: 280px) 100vw, 280px\" \/><\/figure><\/div>\n\n\n\n<p class=\"has-text-align-center has-medium-font-size\"><strong><span style=\"color:var(--nv-primary-accent)\" class=\"tadv-color\">Stiftungen<\/span><\/strong><\/p>\n<\/div>\n\n\n\n<div class=\"wp-block-column is-layout-flow wp-block-column-is-layout-flow\">\n<div class=\"wp-block-image is-style-default\"><figure class=\"aligncenter size-large is-resized\"><img loading=\"lazy\" decoding=\"async\" src=\"http:\/\/h1-medienanalyse.de\/wp-content\/uploads\/2021\/03\/Expertise.png\" alt=\"\" class=\"wp-image-596\" width=\"90\" height=\"90\" srcset=\"https:\/\/h1-medienanalyse.de\/wp-content\/uploads\/2021\/03\/Expertise.png 280w, https:\/\/h1-medienanalyse.de\/wp-content\/uploads\/2021\/03\/Expertise-150x150.png 150w\" sizes=\"auto, (max-width: 90px) 100vw, 90px\" \/><\/figure><\/div>\n\n\n\n<p class=\"has-text-align-center has-medium-font-size\"><strong><span style=\"color:var(--nv-primary-accent)\" class=\"tadv-color\">Ministerien<\/span><\/strong><\/p>\n<\/div>\n<\/div>\n<\/div><\/div>\n\n\n\n<div class=\"wp-block-columns is-layout-flex wp-container-core-columns-is-layout-9d6595d7 wp-block-columns-is-layout-flex\">\n<div class=\"wp-block-column is-layout-flow wp-block-column-is-layout-flow\"><\/div>\n<\/div>\n\n\n\n<div class=\"wp-block-cover alignfull has-nv-c-1-background-color has-background-dim\" style=\"min-height:452px;aspect-ratio:unset;\"><div class=\"wp-block-cover__inner-container is-layout-flow wp-block-cover-is-layout-flow\">\n<div style=\"height:60px\" aria-hidden=\"true\" class=\"wp-block-spacer\"><\/div>\n\n\n\n<h3 class=\"wp-block-heading\"><span style=\"color:var(--nv-primary-accent)\" class=\"tadv-color\">In sich ver\u00e4ndernden Medienrealit\u00e4ten, zunehmender Digitalisierung und fragmentierten \u00d6ffentlichkeiten forschen wir zu dr\u00e4ngenden und gesellschaftlich relevanten Fragestellungen.<\/span><\/h3>\n\n\n\n<p class=\"has-neve-link-color-color has-text-color\">Vor allem die Mittelgeber der Universit\u00e4ten und Hochschulen fordern bei Forschungsaktivit\u00e4ten immer h\u00e4ufiger eine Kooperation mit Partner-Unternehmen aus der Wirtschaft.<\/p>\n\n\n\n<p class=\"has-neve-link-color-color has-text-color\">Als externe Projektpartnerin unterst\u00fctzt h1 medienanalyse Sie bei Projektantr\u00e4gen, drittmittelgef\u00f6rderten Forschungsvorhaben sowie der Umsetzung von Projekten in Forschungsstiftungen.<\/p>\n\n\n\n<div style=\"height:31px\" aria-hidden=\"true\" class=\"wp-block-spacer\"><\/div>\n\n\n\n<div class=\"wp-block-columns is-layout-flex wp-container-core-columns-is-layout-9d6595d7 wp-block-columns-is-layout-flex\">\n<div class=\"wp-block-column is-layout-flow wp-block-column-is-layout-flow\" style=\"flex-basis:66.66%\">\n<ul id=\"block-4ceeb4a5-4160-4ff5-9489-e85ae821391a\" class=\"has-neve-link-color-color has-text-color wp-block-list\"><li><span style=\"color:var(--nv-primary-accent)\" class=\"tadv-color\">Wir unterst\u00fctzen Sie in Ihrer Forschungsarbeit mit der Zusammenstellung theoretischer Befunde und der Erarbeitung des aktuellen internationalen Forschungsstands.<\/span><\/li><li><span style=\"color:var(--nv-primary-accent)\" class=\"tadv-color\">Dar\u00fcber hinaus konzipieren wir Studien, f\u00fchren diese nach den g\u00e4ngigen wissenschaftlichen Standards durch und werten die Ergebnisse hypothesengeleitet oder qualitativ aus. <\/span><\/li><li><span style=\"color:var(--nv-primary-accent)\" class=\"tadv-color\">Wir dokumentieren die Ergebnisse in Forschungsberichten oder Positionspapieren und stellen unsere Forschung in Gremien vor.<\/span><\/li><\/ul>\n<\/div>\n\n\n\n<div class=\"wp-block-column is-layout-flow wp-block-column-is-layout-flow\" style=\"flex-basis:33.33%\">\n<div class=\"wp-block-image is-style-default\"><figure class=\"aligncenter size-large is-resized\"><img loading=\"lazy\" decoding=\"async\" src=\"https:\/\/h1-medienanalyse.de\/wp-content\/uploads\/2021\/04\/Forschung-1.png\" alt=\"Das Bild zeigt eine Frau vor einem Computer. Sie symbolisiert eines der T\u00e4tigkeitsfelder von h1: die Konzeption und Durchf\u00fchrung empirischer Studien.\" class=\"wp-image-952\" width=\"282\" height=\"288\"\/><\/figure><\/div>\n<\/div>\n<\/div>\n\n\n\n<div style=\"height:30px\" aria-hidden=\"true\" class=\"wp-block-spacer\"><\/div>\n<\/div><\/div>\n\n\n\n<div style=\"height:50px\" aria-hidden=\"true\" class=\"wp-block-spacer\"><\/div>\n\n\n\n<div class=\"wp-block-cover alignfull has-nv-site-bg-background-color has-background-dim\" style=\"min-height:794px;aspect-ratio:unset;\"><div class=\"wp-block-cover__inner-container is-layout-flow wp-block-cover-is-layout-flow\">\n<h3 class=\"has-text-align-center has-neve-link-color-color has-text-color wp-block-heading\"><strong><strong>Wir erarbeiten Theorie &amp; Forschungsstand und \u00fcbernehmen <\/strong><\/strong><\/h3>\n\n\n\n<h3 class=\"has-text-align-center has-neve-link-color-color has-text-color wp-block-heading\"><strong><strong>die Planung, Durchf\u00fchrung &amp; Auswertung Ihres Forschungsprojekts.<\/strong><\/strong><\/h3>\n\n\n\n<p><\/p>\n\n\n\n<p><\/p>\n\n\n\n<div class=\"wp-block-columns is-layout-flex wp-container-core-columns-is-layout-9d6595d7 wp-block-columns-is-layout-flex\">\n<div class=\"wp-block-column is-layout-flow wp-block-column-is-layout-flow\">\n<div class=\"wp-block-image is-style-default\"><figure class=\"aligncenter size-large is-resized\"><img loading=\"lazy\" decoding=\"async\" src=\"http:\/\/h1-medienanalyse.de\/wp-content\/uploads\/2021\/03\/Expertise.png\" alt=\"\" class=\"wp-image-596\" width=\"90\" height=\"90\" srcset=\"https:\/\/h1-medienanalyse.de\/wp-content\/uploads\/2021\/03\/Expertise.png 280w, https:\/\/h1-medienanalyse.de\/wp-content\/uploads\/2021\/03\/Expertise-150x150.png 150w\" sizes=\"auto, (max-width: 90px) 100vw, 90px\" \/><\/figure><\/div>\n\n\n\n<p class=\"has-text-align-center has-neve-link-color-color has-text-color has-medium-font-size\"><strong>Planung<\/strong><\/p>\n\n\n\n<p class=\"has-text-align-center has-neve-link-color-color has-text-color\">Wir entwickeln Fragestellungen &amp; Hypothesen, operationalisieren die theoretischen Konstrukte und erarbeiten nach den g\u00e4ngigen Qualit\u00e4tsstandards der empirischen Sozialforschung Methodendesign und Messinstrumente.<\/p>\n<\/div>\n\n\n\n<div class=\"wp-block-column is-layout-flow wp-block-column-is-layout-flow\">\n<div class=\"wp-block-image is-style-default\"><figure class=\"aligncenter size-large is-resized\"><img loading=\"lazy\" decoding=\"async\" src=\"http:\/\/h1-medienanalyse.de\/wp-content\/uploads\/2021\/03\/Expertise.png\" alt=\"\" class=\"wp-image-596\" width=\"90\" height=\"90\" srcset=\"https:\/\/h1-medienanalyse.de\/wp-content\/uploads\/2021\/03\/Expertise.png 280w, https:\/\/h1-medienanalyse.de\/wp-content\/uploads\/2021\/03\/Expertise-150x150.png 150w\" sizes=\"auto, (max-width: 90px) 100vw, 90px\" \/><\/figure><\/div>\n\n\n\n<p class=\"has-text-align-center has-neve-link-color-color has-text-color has-medium-font-size\"><strong>Durchf\u00fchrung <\/strong><\/p>\n\n\n\n<p class=\"has-text-align-center has-neve-link-color-color has-text-color\">Wir k\u00fcmmern uns um die Beschaffung des Untersuchungsmaterials und sorgen f\u00fcr eine valide und reliable Durchf\u00fchrung der Untersuchung. Wir arbeiten sowohl qualitativ als auch quantitativ. <\/p>\n<\/div>\n\n\n\n<div class=\"wp-block-column is-layout-flow wp-block-column-is-layout-flow\">\n<div class=\"wp-block-image is-style-default\"><figure class=\"aligncenter size-large is-resized\"><img loading=\"lazy\" decoding=\"async\" src=\"http:\/\/h1-medienanalyse.de\/wp-content\/uploads\/2021\/03\/Expertise.png\" alt=\"\" class=\"wp-image-596\" width=\"90\" height=\"90\" srcset=\"https:\/\/h1-medienanalyse.de\/wp-content\/uploads\/2021\/03\/Expertise.png 280w, https:\/\/h1-medienanalyse.de\/wp-content\/uploads\/2021\/03\/Expertise-150x150.png 150w\" sizes=\"auto, (max-width: 90px) 100vw, 90px\" \/><\/figure><\/div>\n\n\n\n<p class=\"has-text-align-center has-neve-link-color-color has-text-color has-medium-font-size\"><strong>Auswertung<\/strong><\/p>\n\n\n\n<p class=\"has-text-align-center has-neve-link-color-color has-text-color\">Unser Forschungsteam arbeitet mit unterschiedlichen, z.T. automatisierten Auswertungsstrategien. Wir nutzen deskriptive oder multivariate Verfahren gleicherma\u00dfen. Unsere Ergebnisse pr\u00e4sentieren wir nach Ihren Vorstellungen<strong>.<\/strong><\/p>\n<\/div>\n<\/div>\n<\/div><\/div>\n\n\n\n<div class=\"wp-block-cover alignfull has-nv-c-2-background-color has-background-dim\" style=\"min-height:284px;aspect-ratio:unset;\"><div class=\"wp-block-cover__inner-container is-layout-flow wp-block-cover-is-layout-flow\">\n<div style=\"height:60px\" aria-hidden=\"true\" class=\"wp-block-spacer\"><\/div>\n\n\n\n<div class=\"wp-block-columns is-layout-flex wp-container-core-columns-is-layout-9d6595d7 wp-block-columns-is-layout-flex\">\n<div class=\"wp-block-column is-layout-flow wp-block-column-is-layout-flow\">\n<h4 class=\"has-nv-site-bg-color has-text-color wp-block-heading\">Unser <strong>Methodenrepertoire<\/strong> umfasst:<\/h4>\n<\/div>\n\n\n\n<div class=\"wp-block-column is-layout-flow wp-block-column-is-layout-flow\">\n<h4 class=\"has-nv-site-bg-color has-text-color wp-block-heading\">Die <strong>Datenanalyse<\/strong> erfolgt mittels:<\/h4>\n<\/div>\n<\/div>\n\n\n\n<div class=\"wp-block-columns has-neve-link-color-color has-text-color is-layout-flex wp-container-core-columns-is-layout-9d6595d7 wp-block-columns-is-layout-flex\">\n<div class=\"wp-block-column is-layout-flow wp-block-column-is-layout-flow\">\n<ul class=\"has-nv-site-bg-color has-text-color wp-block-list\"><li>Inhaltsanalysen<\/li><li>standardisierte Befragungen<\/li><li>Leitfadeninterviews<\/li><li>Fokusgruppen<\/li><li>Netzwerkanalysen<\/li><li>Sentimentanalysen<\/li><li>Topic Modelling<\/li><\/ul>\n<\/div>\n\n\n\n<div class=\"wp-block-column is-vertically-aligned-top is-layout-flow wp-block-column-is-layout-flow\">\n<ul class=\"has-nv-site-bg-color has-text-color wp-block-list\"><li>Deskription<\/li><li>Inferenzstatistik<\/li><li>Clusteranalysen<\/li><li>Regression<\/li><li>Diskriminanzanalysen<\/li><\/ul>\n<\/div>\n<\/div>\n\n\n\n<div class=\"wp-block-image is-style-default\"><figure class=\"aligncenter size-large\"><img loading=\"lazy\" decoding=\"async\" width=\"1024\" height=\"307\" src=\"https:\/\/h1-medienanalyse.de\/wp-content\/uploads\/2021\/04\/Methoden_Forschung_2-1024x307.png\" alt=\"Die Grafik zeigt H\u00e4nde, die ein Smartphone bedienen. Die Erforschung des digitalen Wandels ist ein Schwerpunkt bei h1.\" class=\"wp-image-961\" srcset=\"https:\/\/h1-medienanalyse.de\/wp-content\/uploads\/2021\/04\/Methoden_Forschung_2-1024x307.png 1024w, https:\/\/h1-medienanalyse.de\/wp-content\/uploads\/2021\/04\/Methoden_Forschung_2-300x90.png 300w, https:\/\/h1-medienanalyse.de\/wp-content\/uploads\/2021\/04\/Methoden_Forschung_2-768x230.png 768w, https:\/\/h1-medienanalyse.de\/wp-content\/uploads\/2021\/04\/Methoden_Forschung_2-1536x461.png 1536w, https:\/\/h1-medienanalyse.de\/wp-content\/uploads\/2021\/04\/Methoden_Forschung_2-2048x614.png 2048w\" sizes=\"auto, (max-width: 1024px) 100vw, 1024px\" \/><\/figure><\/div>\n\n\n\n<div style=\"height:50px\" aria-hidden=\"true\" class=\"wp-block-spacer\"><\/div>\n<\/div><\/div>\n\n\n\n<div style=\"height:50px\" aria-hidden=\"true\" class=\"wp-block-spacer\"><\/div>\n\n\n\n<div class=\"wp-block-cover alignfull\" style=\"min-height:300px;aspect-ratio:unset;\"><span aria-hidden=\"true\" class=\"wp-block-cover__background has-background-dim-100 has-background-dim\" style=\"background-color:#7b665c\"><\/span><div class=\"wp-block-cover__inner-container is-layout-flow wp-block-cover-is-layout-flow\">\n<div style=\"height:50px\" aria-hidden=\"true\" class=\"wp-block-spacer\"><\/div>\n\n\n\n<h2 class=\"has-text-align-center has-nv-text-dark-bg-color has-text-color wp-block-heading\">Wir freuen uns auf Ihr Projekt!<\/h2>\n\n\n\n<div class=\"wp-block-buttons is-horizontal is-content-justification-center is-layout-flex wp-container-core-buttons-is-layout-499968f5 wp-block-buttons-is-layout-flex\">\n<div class=\"wp-block-button is-style-primary\"><a class=\"wp-block-button__link wp-element-button\" href=\"https:\/\/h1-medienanalyse.de\/home\/kontakt\/\">Kontakt<\/a><\/div>\n<\/div>\n\n\n<div class=\"wp-block-image\">\n<figure class=\"aligncenter size-large is-resized\"><img loading=\"lazy\" decoding=\"async\" src=\"http:\/\/h1-medienanalyse.de\/wp-content\/uploads\/2021\/02\/cropped-cropped-Datei-006_Nexa_7b665c_erdbraun-warm_2.png\" alt=\"\" class=\"wp-image-241\" width=\"125\" height=\"125\" srcset=\"https:\/\/h1-medienanalyse.de\/wp-content\/uploads\/2021\/02\/cropped-cropped-Datei-006_Nexa_7b665c_erdbraun-warm_2.png 500w, https:\/\/h1-medienanalyse.de\/wp-content\/uploads\/2021\/02\/cropped-cropped-Datei-006_Nexa_7b665c_erdbraun-warm_2-300x300.png 300w, https:\/\/h1-medienanalyse.de\/wp-content\/uploads\/2021\/02\/cropped-cropped-Datei-006_Nexa_7b665c_erdbraun-warm_2-150x150.png 150w\" sizes=\"auto, (max-width: 125px) 100vw, 125px\" \/><\/figure><\/div><\/div><\/div>\n","protected":false},"excerpt":{"rendered":"<p>Empirische Sozial-, Kommunikations- &amp; Medienforschung<\/p>\n","protected":false},"author":3,"featured_media":0,"parent":429,"menu_order":0,"comment_status":"closed","ping_status":"closed","template":"","meta":{"neve_meta_sidebar":"default","neve_meta_container":"default","neve_meta_enable_content_width":"on","neve_meta_content_width":100,"neve_meta_title_alignment":"","neve_meta_author_avatar":"","neve_post_elements_order":"","neve_meta_disable_header":"","neve_meta_disable_footer":"","neve_meta_disable_title":"on","_ti_tpc_template_sync":false,"_ti_tpc_template_id":"","footnotes":""},"class_list":["post-681","page","type-page","status-publish","hentry"],"_links":{"self":[{"href":"https:\/\/h1-medienanalyse.de\/home\/wp-json\/wp\/v2\/pages\/681","targetHints":{"allow":["GET"]}}],"collection":[{"href":"https:\/\/h1-medienanalyse.de\/home\/wp-json\/wp\/v2\/pages"}],"about":[{"href":"https:\/\/h1-medienanalyse.de\/home\/wp-json\/wp\/v2\/types\/page"}],"author":[{"embeddable":true,"href":"https:\/\/h1-medienanalyse.de\/home\/wp-json\/wp\/v2\/users\/3"}],"replies":[{"embeddable":true,"href":"https:\/\/h1-medienanalyse.de\/home\/wp-json\/wp\/v2\/comments?post=681"}],"version-history":[{"count":70,"href":"https:\/\/h1-medienanalyse.de\/home\/wp-json\/wp\/v2\/pages\/681\/revisions"}],"predecessor-version":[{"id":1109,"href":"https:\/\/h1-medienanalyse.de\/home\/wp-json\/wp\/v2\/pages\/681\/revisions\/1109"}],"up":[{"embeddable":true,"href":"https:\/\/h1-medienanalyse.de\/home\/wp-json\/wp\/v2\/pages\/429"}],"wp:attachment":[{"href":"https:\/\/h1-medienanalyse.de\/home\/wp-json\/wp\/v2\/media?parent=681"}],"curies":[{"name":"wp","href":"https:\/\/api.w.org\/{rel}","templated":true}]}}