{"id":736,"date":"2021-04-08T10:51:41","date_gmt":"2021-04-08T10:51:41","guid":{"rendered":"https:\/\/h1-medienanalyse.de\/home\/?page_id=736"},"modified":"2021-05-02T13:44:23","modified_gmt":"2021-05-02T13:44:23","slug":"medienresonanzanalysen","status":"publish","type":"page","link":"https:\/\/h1-medienanalyse.de\/home\/unsere-leistungen\/medienresonanzanalysen\/","title":{"rendered":"Medienresonanzanalysen"},"content":{"rendered":"\n<p><\/p>\n\n\n\n<h1 class=\"wp-block-heading\">Medienresonanzanalysen<\/h1>\n\n\n\n<div style=\"height:100px\" aria-hidden=\"true\" class=\"wp-block-spacer\"><\/div>\n\n\n\n<div class=\"wp-block-cover alignfull has-nv-c-1-background-color has-background-dim\" style=\"min-height:452px;aspect-ratio:unset;\"><div class=\"wp-block-cover__inner-container is-layout-flow wp-block-cover-is-layout-flow\">\n<div style=\"height:60px\" aria-hidden=\"true\" class=\"wp-block-spacer\"><\/div>\n\n\n\n<h3 class=\"has-text-align-left has-neve-link-color-color has-text-color wp-block-heading\"><strong><strong>Kommunikation ver\u00e4ndert sich rasant. L\u00e4ngst wird vor allem via Social Media \u00fcber Produkte, Firmen oder Marken gesprochen. Auch Sie als Unternehmen kommunizieren mit ihren Kund:innen \u00fcber Social-Media-Kan\u00e4le.<\/strong><\/strong> <\/h3>\n\n\n\n<h3 class=\"has-text-align-left has-neve-link-color-color has-text-color wp-block-heading\">Profitieren Sie von unseren empirisch fundierten Handlungsempfehlungen auf Basis von Medienresonanzanalysen &amp; Medienmonitoring.<\/h3>\n\n\n\n<div style=\"height:31px\" aria-hidden=\"true\" class=\"wp-block-spacer\"><\/div>\n\n\n\n<div class=\"wp-block-columns is-layout-flex wp-container-core-columns-is-layout-9d6595d7 wp-block-columns-is-layout-flex\">\n<div class=\"wp-block-column is-layout-flow wp-block-column-is-layout-flow\" style=\"flex-basis:66.66%\">\n<ul class=\"has-neve-link-color-color has-text-color wp-block-list\"><li><span style=\"color:var(--nv-primary-accent)\" class=\"tadv-color\">Erkennen Sie Trends und und neue Themen fr\u00fchzeitig<\/span>.<\/li><li><span style=\"color:var(--nv-primary-accent)\" class=\"tadv-color\">Haben Sie Ihre direkten Konkurent:innen im Blick<\/span>.<\/li><li><span style=\"color:var(--nv-primary-accent)\" class=\"tadv-color\">Reagieren Sie auf Ver\u00e4nderungen in der medialen Debatte<\/span>.<\/li><li><span style=\"color:var(--nv-primary-accent)\" class=\"tadv-color\">Erkennen Sie, wie es um die Reputation und das Image Ihres Unternehmens steht<\/span>.<\/li><li><span style=\"color:var(--nv-primary-accent)\" class=\"tadv-color\">Erhalten Sie Kontrolle \u00fcber ihre Medien- und PR-Arbeit<\/span>.<\/li><li><span style=\"color:var(--nv-primary-accent)\" class=\"tadv-color\">Steuern Sie Ihre Pressearbeit proaktiv \u2013 zum Vorteil Ihrer Unternehmenskommunikation.<\/span><\/li><\/ul>\n<\/div>\n\n\n\n<div class=\"wp-block-column is-layout-flow wp-block-column-is-layout-flow\" style=\"flex-basis:33.33%\">\n<div class=\"wp-block-image is-style-default\"><figure class=\"aligncenter size-large is-resized\"><img loading=\"lazy\" decoding=\"async\" src=\"https:\/\/h1-medienanalyse.de\/wp-content\/uploads\/2021\/04\/Resonanzanalyse.png\" alt=\"Die Grafik zeigt zwei Menschen, die ein Datenchart diskutieren. \" class=\"wp-image-963\" width=\"296\" height=\"294\"\/><\/figure><\/div>\n<\/div>\n<\/div>\n\n\n\n<div style=\"height:30px\" aria-hidden=\"true\" class=\"wp-block-spacer\"><\/div>\n<\/div><\/div>\n\n\n\n<div style=\"height:50px\" aria-hidden=\"true\" class=\"wp-block-spacer\"><\/div>\n\n\n\n<div class=\"wp-block-cover alignfull has-nv-site-bg-background-color has-background-dim\" style=\"min-height:491px;aspect-ratio:unset;\"><div class=\"wp-block-cover__inner-container is-layout-flow wp-block-cover-is-layout-flow\">\n<h3 class=\"has-text-align-center has-neve-link-color-color has-text-color wp-block-heading\"><strong>Unsere Medienresonanzanalysen umfassen <\/strong><\/h3>\n\n\n\n<p><\/p>\n\n\n\n<div class=\"wp-block-columns is-layout-flex wp-container-core-columns-is-layout-9d6595d7 wp-block-columns-is-layout-flex\">\n<div class=\"wp-block-column is-layout-flow wp-block-column-is-layout-flow\">\n<div class=\"wp-block-image is-style-default\"><figure class=\"aligncenter size-large is-resized\"><img loading=\"lazy\" decoding=\"async\" src=\"http:\/\/h1-medienanalyse.de\/wp-content\/uploads\/2021\/03\/Expertise.png\" alt=\"\" class=\"wp-image-596\" width=\"90\" height=\"90\" srcset=\"https:\/\/h1-medienanalyse.de\/wp-content\/uploads\/2021\/03\/Expertise.png 280w, https:\/\/h1-medienanalyse.de\/wp-content\/uploads\/2021\/03\/Expertise-150x150.png 150w\" sizes=\"auto, (max-width: 90px) 100vw, 90px\" \/><\/figure><\/div>\n\n\n\n<p class=\"has-text-align-center has-neve-link-color-color has-text-color has-medium-font-size\"><strong>Trendanalysen<\/strong><\/p>\n\n\n\n<p class=\"has-text-align-center has-neve-link-color-color has-text-color\">Neue Themen &amp; m\u00f6gliche Krisen fr\u00fchzeitig erkennen und fr\u00fchzeitig steuern<\/p>\n<\/div>\n\n\n\n<div class=\"wp-block-column is-layout-flow wp-block-column-is-layout-flow\">\n<div class=\"wp-block-image is-style-default\"><figure class=\"aligncenter size-large is-resized\"><img loading=\"lazy\" decoding=\"async\" src=\"http:\/\/h1-medienanalyse.de\/wp-content\/uploads\/2021\/03\/Expertise.png\" alt=\"\" class=\"wp-image-596\" width=\"90\" height=\"90\" srcset=\"https:\/\/h1-medienanalyse.de\/wp-content\/uploads\/2021\/03\/Expertise.png 280w, https:\/\/h1-medienanalyse.de\/wp-content\/uploads\/2021\/03\/Expertise-150x150.png 150w\" sizes=\"auto, (max-width: 90px) 100vw, 90px\" \/><\/figure><\/div>\n\n\n\n<p class=\"has-text-align-center has-neve-link-color-color has-text-color has-medium-font-size\"><strong>Medienmonitoring<\/strong><\/p>\n\n\n\n<p class=\"has-text-align-center has-neve-link-color-color has-text-color\">Die Berichterstattung \u00fcber Ihr Unternehmen &amp; das Image der Marke im Blick haben  <\/p>\n<\/div>\n\n\n\n<div class=\"wp-block-column is-layout-flow wp-block-column-is-layout-flow\">\n<div class=\"wp-block-image is-style-default\"><figure class=\"aligncenter size-large is-resized\"><img loading=\"lazy\" decoding=\"async\" src=\"http:\/\/h1-medienanalyse.de\/wp-content\/uploads\/2021\/03\/Expertise.png\" alt=\"\" class=\"wp-image-596\" width=\"90\" height=\"90\" srcset=\"https:\/\/h1-medienanalyse.de\/wp-content\/uploads\/2021\/03\/Expertise.png 280w, https:\/\/h1-medienanalyse.de\/wp-content\/uploads\/2021\/03\/Expertise-150x150.png 150w\" sizes=\"auto, (max-width: 90px) 100vw, 90px\" \/><\/figure><\/div>\n\n\n\n<p class=\"has-text-align-center has-neve-link-color-color has-text-color has-medium-font-size\"><strong>Input-Output-Analysen<\/strong><\/p>\n\n\n\n<p class=\"has-text-align-center has-neve-link-color-color has-text-color\">Die eigene Medien- &amp; Pressearbeit aktiv und zielf\u00fchrend gestalten<\/p>\n<\/div>\n<\/div>\n<\/div><\/div>\n\n\n\n<div class=\"wp-block-cover alignfull has-nv-c-2-background-color has-background-dim\" style=\"min-height:284px;aspect-ratio:unset;\"><div class=\"wp-block-cover__inner-container is-layout-flow wp-block-cover-is-layout-flow\">\n<div style=\"height:60px\" aria-hidden=\"true\" class=\"wp-block-spacer\"><\/div>\n\n\n\n<h3 class=\"has-nv-text-dark-bg-color has-text-color wp-block-heading\"><strong><strong><strong> Prozedere der Medienresonanzanalysen<span data-mce-type=\"bookmark\" id=\"mce_1_start\" data-mce-style=\"overflow:hidden;line-height:0px\" style=\"overflow:hidden;line-height:0px\"><\/span><\/strong><\/strong><\/strong><\/h3>\n\n\n\n<div style=\"height:15px\" aria-hidden=\"true\" class=\"wp-block-spacer\"><\/div>\n\n\n\n<p><strong>Ausgangspunkt der Analyse ist immer ein Artikel, ein Rundfunkbeitrag oder ein Post auf einem Social-Media-Kanal. Mit standardisierten Codierungen werden sowohl formale als auch inhaltliche Aspekte erhoben.<\/strong><\/p>\n\n\n\n<div class=\"wp-block-columns is-layout-flex wp-container-core-columns-is-layout-9d6595d7 wp-block-columns-is-layout-flex\">\n<div class=\"wp-block-column is-layout-flow wp-block-column-is-layout-flow\">\n<ul class=\"has-nv-text-dark-bg-color has-text-color wp-block-list\"><li>Wer meldet sich zu Wort? Wer wird direkt oder indirekt zitiert? <\/li><li>Mit welchen Themen wird Ihr Unternehmen\/die Marke in Verbindung gebracht? <\/li><li>Welche Haltung haben die Zielgruppen gegen\u00fcber Ihrer Marke?<\/li><\/ul>\n<\/div>\n\n\n\n<div class=\"wp-block-column is-vertically-aligned-top is-layout-flow wp-block-column-is-layout-flow\">\n<ul class=\"has-nv-text-dark-bg-color has-text-color wp-block-list\"><li>Welche Organisationen, Institutionen oder Personen \u00e4u\u00dfern sich, (re-)agieren, initiieren oder werden als Expert:innen geframt? <\/li><li>In welchem Themenkontext bewegt sich die Diskussion?<\/li><li>Welche Argumentationsstrukturen und Basiskonfonflikte k\u00f6nnen identifiziert und quantifiziert werden?<\/li><\/ul>\n<\/div>\n<\/div>\n\n\n\n<div style=\"height:50px\" aria-hidden=\"true\" class=\"wp-block-spacer\"><\/div>\n<\/div><\/div>\n\n\n\n<div style=\"height:50px\" aria-hidden=\"true\" class=\"wp-block-spacer\"><\/div>\n\n\n\n<div class=\"wp-block-cover alignfull has-nv-site-bg-background-color has-background-dim\" style=\"min-height:89px;aspect-ratio:unset;\"><div class=\"wp-block-cover__inner-container is-layout-flow wp-block-cover-is-layout-flow\">\n<div style=\"height:60px\" aria-hidden=\"true\" class=\"wp-block-spacer\"><\/div>\n\n\n\n<h3 class=\"has-neve-link-color-color has-text-color wp-block-heading\"><strong><strong><strong><strong>Wir analysieren <\/strong><span data-mce-type=\"bookmark\" id=\"mce_1_start\" data-mce-style=\"overflow:hidden;line-height:0px\" style=\"overflow:hidden;line-height:0px\"><\/span><\/strong><\/strong><\/strong><\/h3>\n\n\n\n<div style=\"height:15px\" aria-hidden=\"true\" class=\"wp-block-spacer\"><\/div>\n\n\n\n<div class=\"wp-block-columns is-layout-flex wp-container-core-columns-is-layout-9d6595d7 wp-block-columns-is-layout-flex\">\n<div class=\"wp-block-column is-layout-flow wp-block-column-is-layout-flow\" style=\"flex-basis:66.66%\">\n<ul class=\"has-neve-link-color-color has-text-color wp-block-list\"><li><strong>Presseberichterstattung<\/strong>: Print &amp; Online mit einer gro\u00dfen Auswahl relevanter Tageszeitungen <\/li><li><strong>TV-Berichterstattung: <\/strong>Wir haben die M\u00f6glichkeit, die gew\u00fcnschten Programme &amp; Sendungen f\u00fcr Sie aufzuzeichnen<\/li><li><strong>H\u00f6rfunk<\/strong>: \u00f6ffentlich-rechtliche und private H\u00f6rfunkprogramme &amp; Podcasts<\/li><li><strong>Social Media:<\/strong> Facebook, YouTube, Instagram, Twitter &amp; TikTok<\/li><\/ul>\n<\/div>\n\n\n\n<div class=\"wp-block-column is-layout-flow wp-block-column-is-layout-flow\" style=\"flex-basis:33.33%\">\n<div class=\"wp-block-image\"><figure class=\"aligncenter size-large is-resized\"><img loading=\"lazy\" decoding=\"async\" src=\"https:\/\/h1-medienanalyse.de\/wp-content\/uploads\/2021\/04\/Medienresonanzanalyse_2.png\" alt=\"\" class=\"wp-image-966\" width=\"238\" height=\"238\" srcset=\"https:\/\/h1-medienanalyse.de\/wp-content\/uploads\/2021\/04\/Medienresonanzanalyse_2.png 297w, https:\/\/h1-medienanalyse.de\/wp-content\/uploads\/2021\/04\/Medienresonanzanalyse_2-150x150.png 150w\" sizes=\"auto, (max-width: 238px) 100vw, 238px\" \/><\/figure><\/div>\n<\/div>\n<\/div>\n\n\n\n<div style=\"height:1px\" aria-hidden=\"true\" class=\"wp-block-spacer\"><\/div>\n<\/div><\/div>\n\n\n\n<div style=\"height:50px\" aria-hidden=\"true\" class=\"wp-block-spacer\"><\/div>\n\n\n\n<div class=\"wp-block-cover alignfull\" style=\"min-height:300px;aspect-ratio:unset;\"><span aria-hidden=\"true\" class=\"wp-block-cover__background has-background-dim-100 has-background-dim\" style=\"background-color:#7b665c\"><\/span><div class=\"wp-block-cover__inner-container is-layout-flow wp-block-cover-is-layout-flow\">\n<div style=\"height:50px\" aria-hidden=\"true\" class=\"wp-block-spacer\"><\/div>\n\n\n\n<h2 class=\"has-text-align-center has-nv-text-dark-bg-color has-text-color wp-block-heading\">Wir freuen uns auf Ihr Projekt!<\/h2>\n\n\n\n<div class=\"wp-block-buttons is-horizontal is-content-justification-center is-layout-flex wp-container-core-buttons-is-layout-499968f5 wp-block-buttons-is-layout-flex\">\n<div class=\"wp-block-button is-style-primary\"><a class=\"wp-block-button__link wp-element-button\" href=\"https:\/\/h1-medienanalyse.de\/home\/kontakt\/\">Kontakt<\/a><\/div>\n<\/div>\n\n\n<div class=\"wp-block-image\">\n<figure class=\"aligncenter size-large is-resized\"><img loading=\"lazy\" decoding=\"async\" src=\"http:\/\/h1-medienanalyse.de\/wp-content\/uploads\/2021\/02\/cropped-cropped-Datei-006_Nexa_7b665c_erdbraun-warm_2.png\" alt=\"\" class=\"wp-image-241\" width=\"125\" height=\"125\" srcset=\"https:\/\/h1-medienanalyse.de\/wp-content\/uploads\/2021\/02\/cropped-cropped-Datei-006_Nexa_7b665c_erdbraun-warm_2.png 500w, https:\/\/h1-medienanalyse.de\/wp-content\/uploads\/2021\/02\/cropped-cropped-Datei-006_Nexa_7b665c_erdbraun-warm_2-300x300.png 300w, https:\/\/h1-medienanalyse.de\/wp-content\/uploads\/2021\/02\/cropped-cropped-Datei-006_Nexa_7b665c_erdbraun-warm_2-150x150.png 150w\" sizes=\"auto, (max-width: 125px) 100vw, 125px\" \/><\/figure><\/div><\/div><\/div>\n\n\n\n<p><\/p>\n","protected":false},"excerpt":{"rendered":"<p>Medienresonanzanalysen<\/p>\n","protected":false},"author":3,"featured_media":0,"parent":429,"menu_order":0,"comment_status":"closed","ping_status":"closed","template":"","meta":{"neve_meta_sidebar":"default","neve_meta_container":"default","neve_meta_enable_content_width":"on","neve_meta_content_width":100,"neve_meta_title_alignment":"","neve_meta_author_avatar":"","neve_post_elements_order":"","neve_meta_disable_header":"","neve_meta_disable_footer":"","neve_meta_disable_title":"on","_ti_tpc_template_sync":false,"_ti_tpc_template_id":"","footnotes":""},"class_list":["post-736","page","type-page","status-publish","hentry"],"_links":{"self":[{"href":"https:\/\/h1-medienanalyse.de\/home\/wp-json\/wp\/v2\/pages\/736","targetHints":{"allow":["GET"]}}],"collection":[{"href":"https:\/\/h1-medienanalyse.de\/home\/wp-json\/wp\/v2\/pages"}],"about":[{"href":"https:\/\/h1-medienanalyse.de\/home\/wp-json\/wp\/v2\/types\/page"}],"author":[{"embeddable":true,"href":"https:\/\/h1-medienanalyse.de\/home\/wp-json\/wp\/v2\/users\/3"}],"replies":[{"embeddable":true,"href":"https:\/\/h1-medienanalyse.de\/home\/wp-json\/wp\/v2\/comments?post=736"}],"version-history":[{"count":13,"href":"https:\/\/h1-medienanalyse.de\/home\/wp-json\/wp\/v2\/pages\/736\/revisions"}],"predecessor-version":[{"id":1108,"href":"https:\/\/h1-medienanalyse.de\/home\/wp-json\/wp\/v2\/pages\/736\/revisions\/1108"}],"up":[{"embeddable":true,"href":"https:\/\/h1-medienanalyse.de\/home\/wp-json\/wp\/v2\/pages\/429"}],"wp:attachment":[{"href":"https:\/\/h1-medienanalyse.de\/home\/wp-json\/wp\/v2\/media?parent=736"}],"curies":[{"name":"wp","href":"https:\/\/api.w.org\/{rel}","templated":true}]}}