{"id":894,"date":"2021-04-19T09:15:50","date_gmt":"2021-04-19T09:15:50","guid":{"rendered":"https:\/\/h1-medienanalyse.de\/home\/?page_id=894"},"modified":"2021-05-02T13:28:21","modified_gmt":"2021-05-02T13:28:21","slug":"joachim-trebbe","status":"publish","type":"page","link":"https:\/\/h1-medienanalyse.de\/home\/ueber-uns\/das-h1-team\/joachim-trebbe\/","title":{"rendered":"Joachim Trebbe"},"content":{"rendered":"\n<div class=\"wp-block-columns is-layout-flex wp-container-core-columns-is-layout-9d6595d7 wp-block-columns-is-layout-flex\">\n<div class=\"wp-block-column is-layout-flow wp-block-column-is-layout-flow\" style=\"flex-basis:100%\">\n<div class=\"wp-block-columns is-layout-flex wp-container-core-columns-is-layout-9d6595d7 wp-block-columns-is-layout-flex\">\n<div class=\"wp-block-column is-layout-flow wp-block-column-is-layout-flow\" style=\"flex-basis:100%\">\n<div class=\"wp-block-columns is-layout-flex wp-container-core-columns-is-layout-9d6595d7 wp-block-columns-is-layout-flex\">\n<div class=\"wp-block-column is-layout-flow wp-block-column-is-layout-flow\" style=\"flex-basis:50%\">\n<figure class=\"wp-block-image size-large is-resized\"><img loading=\"lazy\" decoding=\"async\" src=\"http:\/\/h1-medienanalyse.de\/wp-content\/uploads\/2021\/04\/001_Joachim_Trebbe-1024x732.jpg\" alt=\"\" class=\"wp-image-1038\" width=\"392\" height=\"280\" srcset=\"https:\/\/h1-medienanalyse.de\/wp-content\/uploads\/2021\/04\/001_Joachim_Trebbe-1024x732.jpg 1024w, https:\/\/h1-medienanalyse.de\/wp-content\/uploads\/2021\/04\/001_Joachim_Trebbe-300x214.jpg 300w, https:\/\/h1-medienanalyse.de\/wp-content\/uploads\/2021\/04\/001_Joachim_Trebbe-768x549.jpg 768w, https:\/\/h1-medienanalyse.de\/wp-content\/uploads\/2021\/04\/001_Joachim_Trebbe-1536x1097.jpg 1536w, https:\/\/h1-medienanalyse.de\/wp-content\/uploads\/2021\/04\/001_Joachim_Trebbe-2048x1463.jpg 2048w\" sizes=\"auto, (max-width: 392px) 100vw, 392px\" \/><\/figure>\n<\/div>\n\n\n\n<div class=\"wp-block-column is-layout-flow wp-block-column-is-layout-flow\" style=\"flex-basis:50%\">\n<p>Kontakt:<br><a href=\"mailto:joachim.trebbe@h1-medienanalyse.de\">joachim.trebbe@h1-medienanalyse.de<\/a><\/p>\n<\/div>\n<\/div>\n\n\n\n<p>Dr. Joachim Trebbe ist wissenschaftlicher Berater und Projektleiter bei h1.<\/p>\n<p>An der Freien Universit\u00e4t Berlin ist er seit August 2011 Professor f\u00fcr Publizistik- und Kommunikationswissenschaft mit dem Schwerpunkt Medienanalysen und Forschungsmethoden. Zuvor war er an der Universit\u00e9 de Fribourg in der Schweiz zun\u00e4chst Assoziierter, dann Ordentlicher Professor f\u00fcr Medien- und Kommunikationswissenschaft. Seine Forschungsschwerpunkte liegen in der kommunikationswissenschaftlichen Methodenentwicklung und computergest\u00fctzten Datenanalyse sowie in den Themenfeldern Medieninhalte, Mediennutzung und Medienwirkungen, vor allem hinsichtlich Medien und Migration, der Konvergenz von Fernsehen und Internet sowie Hate Speech.<\/p>\n<p>Neben seiner universit\u00e4ren T\u00e4tigkeit ist Joachim Trebbe seit vielen Jahren beratend t\u00e4tig. Er konzipiert und leitet kommunikationswissenschaftliche Forschungsprojekte f\u00fcr verschiedene \u00f6ffentliche und private Auftraggeber:innen. Er ist Experte auf dem Gebiet der Fernsehprogrammforschung in Deutschland, \u00d6sterreich und der Schweiz.<\/p>\n<\/div>\n<\/div>\n<\/div>\n<\/div>\n","protected":false},"excerpt":{"rendered":"<p>Kontakt:joachim.trebbe@h1-medienanalyse.de Dr. Joachim Trebbe ist wissenschaftlicher Berater und Projektleiter bei h1. An der Freien Universit\u00e4t Berlin ist er seit August 2011 Professor f\u00fcr Publizistik- und Kommunikationswissenschaft mit dem Schwerpunkt Medienanalysen und Forschungsmethoden. Zuvor war er an der Universit\u00e9 de Fribourg in der Schweiz zun\u00e4chst Assoziierter, dann Ordentlicher Professor f\u00fcr Medien- und Kommunikationswissenschaft. Seine Forschungsschwerpunkte liegen&hellip;&nbsp;<a href=\"https:\/\/h1-medienanalyse.de\/home\/ueber-uns\/das-h1-team\/joachim-trebbe\/\" class=\"\" rel=\"bookmark\">Weiterlesen &raquo;<span class=\"screen-reader-text\">Joachim Trebbe<\/span><\/a><\/p>\n","protected":false},"author":2,"featured_media":0,"parent":1087,"menu_order":0,"comment_status":"closed","ping_status":"closed","template":"","meta":{"neve_meta_sidebar":"","neve_meta_container":"","neve_meta_enable_content_width":"","neve_meta_content_width":0,"neve_meta_title_alignment":"","neve_meta_author_avatar":"","neve_post_elements_order":"","neve_meta_disable_header":"","neve_meta_disable_footer":"","neve_meta_disable_title":"","_ti_tpc_template_sync":false,"_ti_tpc_template_id":"","footnotes":""},"class_list":["post-894","page","type-page","status-publish","hentry"],"_links":{"self":[{"href":"https:\/\/h1-medienanalyse.de\/home\/wp-json\/wp\/v2\/pages\/894","targetHints":{"allow":["GET"]}}],"collection":[{"href":"https:\/\/h1-medienanalyse.de\/home\/wp-json\/wp\/v2\/pages"}],"about":[{"href":"https:\/\/h1-medienanalyse.de\/home\/wp-json\/wp\/v2\/types\/page"}],"author":[{"embeddable":true,"href":"https:\/\/h1-medienanalyse.de\/home\/wp-json\/wp\/v2\/users\/2"}],"replies":[{"embeddable":true,"href":"https:\/\/h1-medienanalyse.de\/home\/wp-json\/wp\/v2\/comments?post=894"}],"version-history":[{"count":7,"href":"https:\/\/h1-medienanalyse.de\/home\/wp-json\/wp\/v2\/pages\/894\/revisions"}],"predecessor-version":[{"id":1112,"href":"https:\/\/h1-medienanalyse.de\/home\/wp-json\/wp\/v2\/pages\/894\/revisions\/1112"}],"up":[{"embeddable":true,"href":"https:\/\/h1-medienanalyse.de\/home\/wp-json\/wp\/v2\/pages\/1087"}],"wp:attachment":[{"href":"https:\/\/h1-medienanalyse.de\/home\/wp-json\/wp\/v2\/media?parent=894"}],"curies":[{"name":"wp","href":"https:\/\/api.w.org\/{rel}","templated":true}]}}